{"id":3445,"date":"2025-11-15T15:27:14","date_gmt":"2025-11-15T14:27:14","guid":{"rendered":"https:\/\/fundacioantoniusmusa.com\/otras-ayudas\/"},"modified":"2025-11-15T15:27:18","modified_gmt":"2025-11-15T14:27:18","slug":"otras-ayudas","status":"publish","type":"page","link":"https:\/\/fundacioantoniusmusa.com\/es\/otras-ayudas\/","title":{"rendered":"Otras ayudas"},"content":{"rendered":"\n<span class=\"scroll-to\" data-label=\"Scroll to: #altres\" data-bullet=\"false\" data-link=\"#altres\" data-title=\"Change this\" ><a name=\"altres\"><\/a><\/span>\n\n\n\t<section class=\"section dark\" id=\"section_1501879280\">\n\t\t<div class=\"section-bg fill\" >\n\t\t\t<img loading=\"lazy\" decoding=\"async\" width=\"1500\" height=\"1000\" src=\"https:\/\/fundacioantoniusmusa.com\/wp-content\/uploads\/2021\/06\/doctor-explaining-medical-diagnostic-min.jpg\" class=\"bg attachment- size-\" alt=\"\" \/>\t\t\t\t\t\t<div class=\"section-bg-overlay absolute fill\"><\/div>\n\t\t\t\n\n\t\t<\/div>\n\n\t\t\n\n\t\t<div class=\"section-content relative\">\n\t\t\t\n\n<div class=\"row\"  id=\"row-1844366013\">\n\n\n\t<div id=\"col-38096982\" class=\"col medium-6 small-12 large-6\"  >\n\t\t\t\t<div class=\"col-inner text-shadow-2\"  >\n\t\t\t\n\t\t\t\n\n<h1><span style=\"font-size: 180%;\">  Otras ayudas<\/span><\/h1>\n<p>La Fundaci\u00f3n Antonius Musa tambi\u00e9n presta otras ayudas relacionadas con aspectos sociales, de car\u00e1cter divulgativo o dirigidas a la formaci\u00f3n y especializaci\u00f3n de los profesionales.<\/p>\n\n\t\t<\/div>\n\t\t\t\t\n<style>\n#col-38096982 > .col-inner {\n  margin: 0px 0px -53px 0px;\n}\n<\/style>\n\t<\/div>\n\n\t\n\n\t<div id=\"col-2100770808\" class=\"col medium-6 small-12 large-6\"  >\n\t\t\t\t<div class=\"col-inner\" style=\"background-color:rgb(255,255,255);\" >\n\t\t\t\n\t\t\t\n\n\t<div id=\"text-1503943020\" class=\"text\">\n\t\t\n\n<h2><span style=\"color: #\u00e7;\" data-line-height=\"xs\">Solicite su ayuda<\/span><\/h2>\n<p><span style=\"font-size: 110%; color: #333333;\" data-line-height=\"xs\"><strong>Para solicitarla haga clic en el bot\u00f3n y rellene el formulario.<\/strong><\/span><\/p>\n\t\t\n<style>\n#text-1503943020 {\n  color: #5f7398;\n}\n#text-1503943020 > * {\n  color: #5f7398;\n}\n<\/style>\n\t<\/div>\n\t\n<a href=\"https:\/\/fundacioantoniusmusa.com\/es\/contacto\/\" class=\"button alert lowercase\"  style=\"border-radius:21px;\">\n\t\t<span>Solicitar<\/span>\n\t<i class=\"icon-angle-right\" aria-hidden=\"true\" ><\/i><\/a>\n\n\n\n\t\t<\/div>\n\t\t\t\t\n<style>\n#col-2100770808 > .col-inner {\n  padding: 22px 9px 3px 29px;\n  margin: 27px 0px -58px 0px;\n  border-radius: 22px;\n}\n@media (min-width:550px) {\n  #col-2100770808 > .col-inner {\n    padding: 36px 20px 20px 52px;\n    margin: 0px 0px -64px 0px;\n  }\n}\n<\/style>\n\t<\/div>\n\n\t\n\n<\/div>\n\n\t\t<\/div>\n\n\t\t\n<style>\n#section_1501879280 {\n  padding-top: 100px;\n  padding-bottom: 100px;\n}\n#section_1501879280 .section-bg-overlay {\n  background-color: rgba(45, 136, 121, 0.674);\n}\n#section_1501879280 .section-bg img {\n  object-position: 0% 37%;\n}\n@media (min-width:550px) {\n  #section_1501879280 {\n    padding-top: 150px;\n    padding-bottom: 150px;\n  }\n}\n@media (min-width:850px) {\n  #section_1501879280 {\n    padding-top: 88px;\n    padding-bottom: 88px;\n  }\n}\n<\/style>\n\t<\/section>\n\t\n\n\t<section class=\"section\" id=\"section_1656269427\">\n\t\t<div class=\"section-bg fill\" >\n\t\t\t\t\t\t\t\t\t\n\t\t\t\n\n\t\t<\/div>\n\n\t\t\n\n\t\t<div class=\"section-content relative\">\n\t\t\t\n\n<div class=\"row align-equal\"  id=\"row-111704759\">\n\n\n\t<div id=\"col-1576391937\" class=\"col medium-12 small-12 large-4\"  >\n\t\t\t\t<div class=\"col-inner\"  >\n\t\t\t\n\t<div class=\"is-border\"\n\t\tstyle=\"border-color:rgb(74, 207, 182);border-width:2px 2px 2px 2px;\">\n\t<\/div>\n\t\t\t\n\n\n\t\t<div class=\"icon-box featured-box icon-box-top text-left\"  >\n\t\t\t\t<div class=\"icon-box-text last-reset\">\n\t\t\t\t\t\t\t\t\t\n\n<h3>\nAyuda para proyectos de cooperaci\u00f3n internacional<br><\/h3>\n<p>Si tiene un proyecto de cooperaci\u00f3n internacional y necesita ayuda, p\u00f3ngase en contacto con nosotros.<\/p>\n\t<div id=\"gap-591579768\" class=\"gap-element clearfix\" style=\"display:block; height:auto;\">\n\t\t\n<style>\n#gap-591579768 {\n  padding-top: 30px;\n}\n<\/style>\n\t<\/div>\n\t\n\n<a href=\"https:\/\/fundacioantoniusmusa.com\/wp-content\/uploads\/2025\/10\/CONVOCATORIA-AJUDA-A-PROJECTES-COOPERACIO.docx.pdf\" target=\"_blank\" class=\"button primary lowercase\" rel=\"noopener\"  style=\"border-radius:25px;\">\n\t<i class=\"icon-angle-right\" aria-hidden=\"true\" ><\/i>\t<span>PDF Bases<\/span>\n\t<\/a>\n\n\n\n\t\t<\/div>\n\t<\/div>\n\t\n\t\n\n\t\t<\/div>\n\t\t\t\t\t<\/div>\n\n\t\n\n\t<div id=\"col-611477151\" class=\"col medium-12 small-12 large-4\"  >\n\t\t\t\t<div class=\"col-inner\"  >\n\t\t\t\n\t<div class=\"is-border\"\n\t\tstyle=\"border-color:rgb(74, 207, 182);border-width:2px 2px 2px 2px;\">\n\t<\/div>\n\t\t\t\n\n\n\t\t<div class=\"icon-box featured-box icon-box-top text-left\"  >\n\t\t\t\t<div class=\"icon-box-text last-reset\">\n\t\t\t\t\t\t\t\t\t\n\n<h3>P\u00f3liza de agresiones<\/p>\n<\/h3>\n<p>Si ha sufrido una agresi\u00f3n rellene el formulario y nos pondremos en contacto con usted.<\/p>\n\t<div id=\"gap-525711191\" class=\"gap-element clearfix\" style=\"display:block; height:auto;\">\n\t\t\n<style>\n#gap-525711191 {\n  padding-top: 10px;\n}\n<\/style>\n\t<\/div>\n\t\n\n<a href=\"https:\/\/www.mutualmedica.com\/es\/seguro-de-incapacidad-laboral-por-agresion\" target=\"_blank\" class=\"button primary lowercase\" rel=\"noopener\"  style=\"border-radius:25px;\">\n\t<i class=\"icon-angle-right\" aria-hidden=\"true\" ><\/i>\t<span>Seguro<\/span>\n\t<\/a>\n\n\n\n\t\t<\/div>\n\t<\/div>\n\t\n\t\n\n\t\t<\/div>\n\t\t\t\t\t<\/div>\n\n\t\n\n\t<div id=\"col-1573231044\" class=\"col medium-12 small-12 large-4\"  >\n\t\t\t\t<div class=\"col-inner\"  >\n\t\t\t\n\t<div class=\"is-border\"\n\t\tstyle=\"border-color:rgb(74, 207, 182);border-width:2px 2px 2px 2px;\">\n\t<\/div>\n\t\t\t\n\n\n\t\t<div class=\"icon-box featured-box icon-box-top text-left\"  >\n\t\t\t\t<div class=\"icon-box-text last-reset\">\n\t\t\t\t\t\t\t\t\t\n\n<h3>Publique su libro con la Editorial COMT<\/h3>\n<p>P\u00f3ngase en contacto con nosotros para obtener informaci\u00f3n sobre las ayudas para la publicaci\u00f3n de libros con la editorial COMT.<\/p>\n\t<div id=\"gap-1232329689\" class=\"gap-element clearfix\" style=\"display:block; height:auto;\">\n\t\t\n<style>\n#gap-1232329689 {\n  padding-top: 30px;\n}\n<\/style>\n\t<\/div>\n\t\n\n<a href=\"https:\/\/fundacioantoniusmusa.com\/wp-content\/uploads\/2025\/05\/SOL.-EDITORIAL-COMT.docx.pdf\" class=\"button primary lowercase\"  style=\"border-radius:25px;\">\n\t<i class=\"icon-angle-right\" aria-hidden=\"true\" ><\/i>\t<span>Solicitud<\/span>\n\t<\/a>\n\n\n\n\t\t<\/div>\n\t<\/div>\n\t\n\t\n\n\t\t<\/div>\n\t\t\t\t\t<\/div>\n\n\t\n\n\n<style>\n#row-111704759 > .col > .col-inner {\n  padding: 40px 40px 40px 40px;\n}\n<\/style>\n<\/div>\n\n\t\t<\/div>\n\n\t\t\n<style>\n#section_1656269427 {\n  padding-top: 80px;\n  padding-bottom: 80px;\n}\n<\/style>\n\t<\/section>\n\t\n\n","protected":false},"excerpt":{"rendered":"","protected":false},"author":1,"featured_media":0,"parent":0,"menu_order":5,"comment_status":"closed","ping_status":"closed","template":"page-blank.php","meta":{"footnotes":""},"class_list":["post-3445","page","type-page","status-publish","hentry"],"yoast_head":"<!-- This site is optimized with the Yoast SEO plugin v26.3 - https:\/\/yoast.com\/wordpress\/plugins\/seo\/ -->\n<title>Otras ayudas - Fundaci\u00f3 Antonius Musa<\/title>\n<meta name=\"robots\" content=\"index, follow, max-snippet:-1, max-image-preview:large, max-video-preview:-1\" \/>\n<link rel=\"canonical\" href=\"https:\/\/fundacioantoniusmusa.com\/es\/otras-ayudas\/\" \/>\n<meta property=\"og:locale\" content=\"es_ES\" \/>\n<meta property=\"og:type\" content=\"article\" \/>\n<meta property=\"og:title\" content=\"Otras ayudas - Fundaci\u00f3 Antonius Musa\" \/>\n<meta property=\"og:url\" content=\"https:\/\/fundacioantoniusmusa.com\/es\/otras-ayudas\/\" \/>\n<meta property=\"og:site_name\" content=\"Fundaci\u00f3 Antonius Musa\" \/>\n<meta property=\"article:modified_time\" content=\"2025-11-15T14:27:18+00:00\" \/>\n<meta name=\"twitter:card\" content=\"summary_large_image\" \/>\n<meta name=\"twitter:label1\" content=\"Tiempo de lectura\" \/>\n\t<meta name=\"twitter:data1\" content=\"2 minutos\" \/>\n<script type=\"application\/ld+json\" class=\"yoast-schema-graph\">{\"@context\":\"https:\/\/schema.org\",\"@graph\":[{\"@type\":\"WebPage\",\"@id\":\"https:\/\/fundacioantoniusmusa.com\/es\/otras-ayudas\/\",\"url\":\"https:\/\/fundacioantoniusmusa.com\/es\/otras-ayudas\/\",\"name\":\"Otras ayudas - Fundaci\u00f3 Antonius Musa\",\"isPartOf\":{\"@id\":\"https:\/\/fundacioantoniusmusa.com\/es\/#website\"},\"datePublished\":\"2025-11-15T14:27:14+00:00\",\"dateModified\":\"2025-11-15T14:27:18+00:00\",\"breadcrumb\":{\"@id\":\"https:\/\/fundacioantoniusmusa.com\/es\/otras-ayudas\/#breadcrumb\"},\"inLanguage\":\"es\",\"potentialAction\":[{\"@type\":\"ReadAction\",\"target\":[\"https:\/\/fundacioantoniusmusa.com\/es\/otras-ayudas\/\"]}]},{\"@type\":\"BreadcrumbList\",\"@id\":\"https:\/\/fundacioantoniusmusa.com\/es\/otras-ayudas\/#breadcrumb\",\"itemListElement\":[{\"@type\":\"ListItem\",\"position\":1,\"name\":\"Inici\",\"item\":\"https:\/\/fundacioantoniusmusa.com\/es\/\"},{\"@type\":\"ListItem\",\"position\":2,\"name\":\"Otras ayudas\"}]},{\"@type\":\"WebSite\",\"@id\":\"https:\/\/fundacioantoniusmusa.com\/es\/#website\",\"url\":\"https:\/\/fundacioantoniusmusa.com\/es\/\",\"name\":\"Fundaci\u00f3 Antonius Musa\",\"description\":\"\",\"potentialAction\":[{\"@type\":\"SearchAction\",\"target\":{\"@type\":\"EntryPoint\",\"urlTemplate\":\"https:\/\/fundacioantoniusmusa.com\/es\/?s={search_term_string}\"},\"query-input\":{\"@type\":\"PropertyValueSpecification\",\"valueRequired\":true,\"valueName\":\"search_term_string\"}}],\"inLanguage\":\"es\"}]}<\/script>\n<!-- \/ Yoast SEO plugin. -->","yoast_head_json":{"title":"Otras ayudas - Fundaci\u00f3 Antonius Musa","robots":{"index":"index","follow":"follow","max-snippet":"max-snippet:-1","max-image-preview":"max-image-preview:large","max-video-preview":"max-video-preview:-1"},"canonical":"https:\/\/fundacioantoniusmusa.com\/es\/otras-ayudas\/","og_locale":"es_ES","og_type":"article","og_title":"Otras ayudas - Fundaci\u00f3 Antonius Musa","og_url":"https:\/\/fundacioantoniusmusa.com\/es\/otras-ayudas\/","og_site_name":"Fundaci\u00f3 Antonius Musa","article_modified_time":"2025-11-15T14:27:18+00:00","twitter_card":"summary_large_image","twitter_misc":{"Tiempo de lectura":"2 minutos"},"schema":{"@context":"https:\/\/schema.org","@graph":[{"@type":"WebPage","@id":"https:\/\/fundacioantoniusmusa.com\/es\/otras-ayudas\/","url":"https:\/\/fundacioantoniusmusa.com\/es\/otras-ayudas\/","name":"Otras ayudas - Fundaci\u00f3 Antonius Musa","isPartOf":{"@id":"https:\/\/fundacioantoniusmusa.com\/es\/#website"},"datePublished":"2025-11-15T14:27:14+00:00","dateModified":"2025-11-15T14:27:18+00:00","breadcrumb":{"@id":"https:\/\/fundacioantoniusmusa.com\/es\/otras-ayudas\/#breadcrumb"},"inLanguage":"es","potentialAction":[{"@type":"ReadAction","target":["https:\/\/fundacioantoniusmusa.com\/es\/otras-ayudas\/"]}]},{"@type":"BreadcrumbList","@id":"https:\/\/fundacioantoniusmusa.com\/es\/otras-ayudas\/#breadcrumb","itemListElement":[{"@type":"ListItem","position":1,"name":"Inici","item":"https:\/\/fundacioantoniusmusa.com\/es\/"},{"@type":"ListItem","position":2,"name":"Otras ayudas"}]},{"@type":"WebSite","@id":"https:\/\/fundacioantoniusmusa.com\/es\/#website","url":"https:\/\/fundacioantoniusmusa.com\/es\/","name":"Fundaci\u00f3 Antonius Musa","description":"","potentialAction":[{"@type":"SearchAction","target":{"@type":"EntryPoint","urlTemplate":"https:\/\/fundacioantoniusmusa.com\/es\/?s={search_term_string}"},"query-input":{"@type":"PropertyValueSpecification","valueRequired":true,"valueName":"search_term_string"}}],"inLanguage":"es"}]}},"_links":{"self":[{"href":"https:\/\/fundacioantoniusmusa.com\/es\/wp-json\/wp\/v2\/pages\/3445","targetHints":{"allow":["GET"]}}],"collection":[{"href":"https:\/\/fundacioantoniusmusa.com\/es\/wp-json\/wp\/v2\/pages"}],"about":[{"href":"https:\/\/fundacioantoniusmusa.com\/es\/wp-json\/wp\/v2\/types\/page"}],"author":[{"embeddable":true,"href":"https:\/\/fundacioantoniusmusa.com\/es\/wp-json\/wp\/v2\/users\/1"}],"replies":[{"embeddable":true,"href":"https:\/\/fundacioantoniusmusa.com\/es\/wp-json\/wp\/v2\/comments?post=3445"}],"version-history":[{"count":8,"href":"https:\/\/fundacioantoniusmusa.com\/es\/wp-json\/wp\/v2\/pages\/3445\/revisions"}],"predecessor-version":[{"id":3469,"href":"https:\/\/fundacioantoniusmusa.com\/es\/wp-json\/wp\/v2\/pages\/3445\/revisions\/3469"}],"wp:attachment":[{"href":"https:\/\/fundacioantoniusmusa.com\/es\/wp-json\/wp\/v2\/media?parent=3445"}],"curies":[{"name":"wp","href":"https:\/\/api.w.org\/{rel}","templated":true}]}}