{"id":3448,"date":"2025-11-15T15:27:14","date_gmt":"2025-11-15T14:27:14","guid":{"rendered":"https:\/\/fundacioantoniusmusa.com\/transparencia\/"},"modified":"2025-11-15T16:39:31","modified_gmt":"2025-11-15T15:39:31","slug":"transparencia","status":"publish","type":"page","link":"https:\/\/fundacioantoniusmusa.com\/es\/transparencia\/","title":{"rendered":"Transparencia"},"content":{"rendered":"\n\n  <div class=\"banner has-hover\" id=\"banner-657660068\">\n          <div class=\"banner-inner fill\">\n        <div class=\"banner-bg fill\" >\n            <img loading=\"lazy\" decoding=\"async\" width=\"1920\" height=\"1280\" src=\"https:\/\/fundacioantoniusmusa.com\/wp-content\/uploads\/2021\/05\/COMT-pps-min.jpg\" class=\"bg attachment-original size-original\" alt=\"\" \/>                        <div class=\"overlay\"><\/div>            \n                    <\/div>\n\t\t\n        <div class=\"banner-layers container\">\n            <div class=\"fill banner-link\"><\/div>            \n\n   <div id=\"text-box-1411414255\" class=\"text-box banner-layer x10 md-x50 lg-x50 y30 md-y50 lg-y50 res-text\">\n                                <div class=\"text-box-content text dark\">\n              \n              <div class=\"text-inner text-left\">\n                  \n\n\t<div id=\"text-3542475272\" class=\"text\">\n\t\t\n\n<h2>Transparencia<\/h2>\n\t\t\n<style>\n#text-3542475272 {\n  text-align: center;\n}\n<\/style>\n\t<\/div>\n\t\n\n              <\/div>\n           <\/div>\n                            \n<style>\n#text-box-1411414255 {\n  width: 73%;\n}\n#text-box-1411414255 .text-box-content {\n  font-size: 100%;\n}\n@media (min-width:550px) {\n  #text-box-1411414255 {\n    width: 48%;\n  }\n}\n<\/style>\n    <\/div>\n \n\n        <\/div>\n      <\/div>\n\n            \n<style>\n#banner-657660068 {\n  padding-top: 250px;\n}\n#banner-657660068 .overlay {\n  background-color: rgba(105, 236, 214, 0.674);\n}\n<\/style>\n  <\/div>\n\n\n\n\t<section class=\"section\" id=\"section_676099745\">\n\t\t<div class=\"section-bg fill\" >\n\t\t\t\t\t\t\t\t\t\n\t\t\t\n\n\t\t<\/div>\n\n\t\t\n\n\t\t<div class=\"section-content relative\">\n\t\t\t\n\n<div class=\"row align-center\"  id=\"row-1583047931\">\n\n\n\t<div id=\"col-841821241\" class=\"col small-12 large-12\"  >\n\t\t\t\t<div class=\"col-inner text-center\"  >\n\t\t\t\n\t\t\t\n\n<p style=\"text-align: left;\">Esta secci\u00f3n se publica de acuerdo con los requerimientos que, en materia de transparencia y derecho de acceso a la informaci\u00f3n p\u00fablica que incorpora la Ley 19\/2014 de 29 de diciembre, y el Decreto 8\/2021 de 9 de febrero que la desarrolla as\u00ed como la Ley 21\/2014, de 29 de diciembre, del protectorado de las fundaciones y de verificaci\u00f3n de la actividad de las asociaciones declaradas de utilidad p\u00fablica. Esta ley regula, entre otros, el r\u00e9gimen de transparencia al que est\u00e1n sujetas de manera especial las Fundaciones y Asociaciones declaradas de utilidad p\u00fablica.<\/p>\n\n\t\t<\/div>\n\t\t\t\t\t<\/div>\n\n\t\n\n<\/div>\n<div class=\"row align-center\"  id=\"row-1963026641\">\n\n\n\t<div id=\"col-458413484\" class=\"col medium-12 small-12 large-4\"  >\n\t\t\t\t<div class=\"col-inner\"  >\n\t\t\t\n\t<div class=\"is-border\"\n\t\tstyle=\"border-color:rgb(74, 207, 182);border-width:2px 2px 2px 2px;\">\n\t<\/div>\n\t\t\t\n\n\n\t\t<div class=\"icon-box featured-box icon-box-top text-left\"  >\n\t\t\t\t<div class=\"icon-box-text last-reset\">\n\t\t\t\t\t\t\t\t\t\n\n\t<div id=\"text-2673896973\" class=\"text\">\n\t\t\n\n<h3>\nEstatutos <\/h3>\n\t\t\n<style>\n#text-2673896973 {\n  text-align: center;\n}\n<\/style>\n\t<\/div>\n\t\n\t<div id=\"gap-1575797257\" class=\"gap-element clearfix\" style=\"display:block; height:auto;\">\n\t\t\n<style>\n#gap-1575797257 {\n  padding-top: 30px;\n}\n<\/style>\n\t<\/div>\n\t\n\n<a href=\"https:\/\/fundacioantoniusmusa.com\/wp-content\/uploads\/2024\/04\/20240400-Estatuts-renovats-FMusa.pdf\" target=\"_blank\" class=\"button secondary lowercase expand\" rel=\"noopener\"  style=\"border-radius:25px;\">\n\t<i class=\"icon-angle-right\" aria-hidden=\"true\" ><\/i>\t<span>Descarga<\/span>\n\t<\/a>\n\n\n\n\t\t<\/div>\n\t<\/div>\n\t\n\t\n\n\t\t<\/div>\n\t\t\t\t\t<\/div>\n\n\t\n\n\t<div id=\"col-1135828243\" class=\"col medium-12 small-12 large-4\"  >\n\t\t\t\t<div class=\"col-inner\"  >\n\t\t\t\n\t<div class=\"is-border\"\n\t\tstyle=\"border-color:rgb(74, 207, 182);border-width:2px 2px 2px 2px;\">\n\t<\/div>\n\t\t\t\n\n\n\t\t<div class=\"icon-box featured-box icon-box-top text-left\"  >\n\t\t\t\t<div class=\"icon-box-text last-reset\">\n\t\t\t\t\t\t\t\t\t\n\n\t<div id=\"text-2788572016\" class=\"text\">\n\t\t\n\n<h3>Bases Jur\u00eddicas<br><\/h3>\n\t\t\n<style>\n#text-2788572016 {\n  text-align: center;\n}\n<\/style>\n\t<\/div>\n\t\n\t<div id=\"gap-197703753\" class=\"gap-element clearfix\" style=\"display:block; height:auto;\">\n\t\t\n<style>\n#gap-197703753 {\n  padding-top: 30px;\n}\n<\/style>\n\t<\/div>\n\t\n\n<a href=\"https:\/\/fundacioantoniusmusa.com\/wp-content\/uploads\/2022\/05\/Actualitzacio\u0301-MAIG-2022-CATALEG-PPS-ultima-versio\u0301.pdf\" target=\"_blank\" class=\"button secondary lowercase expand\" rel=\"noopener\"  style=\"border-radius:25px;\">\n\t<i class=\"icon-angle-right\" aria-hidden=\"true\" ><\/i>\t<span>Descarga<\/span>\n\t<\/a>\n\n\n\n\t\t<\/div>\n\t<\/div>\n\t\n\t\n\n\t\t<\/div>\n\t\t\t\t\t<\/div>\n\n\t\n\n\t<div id=\"col-225957811\" class=\"col medium-12 small-12 large-4\"  >\n\t\t\t\t<div class=\"col-inner\"  >\n\t\t\t\n\t<div class=\"is-border\"\n\t\tstyle=\"border-color:rgb(74, 207, 182);border-width:2px 2px 2px 2px;\">\n\t<\/div>\n\t\t\t\n\n\n\t\t<div class=\"icon-box featured-box icon-box-top text-left\"  >\n\t\t\t\t<div class=\"icon-box-text last-reset\">\n\t\t\t\t\t\t\t\t\t\n\n\t<div id=\"text-84535694\" class=\"text\">\n\t\t\n\n<h3>\n\u00d3rganos de Gobierno<br><\/h3>\n\t\t\n<style>\n#text-84535694 {\n  text-align: center;\n}\n<\/style>\n\t<\/div>\n\t\n\t<div id=\"gap-1167119229\" class=\"gap-element clearfix\" style=\"display:block; height:auto;\">\n\t\t\n<style>\n#gap-1167119229 {\n  padding-top: 30px;\n}\n<\/style>\n\t<\/div>\n\t\n\n<a href=\"https:\/\/fundacioantoniusmusa.com\/wp-content\/uploads\/2025\/09\/Ofici-inscripcio-Patronat-2024-1.pdf\" target=\"_blank\" class=\"button secondary lowercase expand\" rel=\"noopener\"  style=\"border-radius:25px;\">\n\t<i class=\"icon-angle-right\" aria-hidden=\"true\" ><\/i>\t<span>Descarga<\/span>\n\t<\/a>\n\n\n\n\t\t<\/div>\n\t<\/div>\n\t\n\t\n\n\t\t<\/div>\n\t\t\t\t\t<\/div>\n\n\t\n\n\t<div id=\"col-1390550492\" class=\"col medium-12 small-12 large-4\"  >\n\t\t\t\t<div class=\"col-inner\"  >\n\t\t\t\n\t<div class=\"is-border\"\n\t\tstyle=\"border-color:rgb(74, 207, 182);border-width:2px 2px 2px 2px;\">\n\t<\/div>\n\t\t\t\n\n\n\t\t<div class=\"icon-box featured-box icon-box-top text-left\"  >\n\t\t\t\t<div class=\"icon-box-text last-reset\">\n\t\t\t\t\t\t\t\t\t\n\n\t<div id=\"text-79058200\" class=\"text\">\n\t\t\n\n<h3>Estados Financieros<\/h3>\n\t\t\n<style>\n#text-79058200 {\n  text-align: center;\n}\n<\/style>\n\t<\/div>\n\t\n\n\t\t<\/div>\n\t<\/div>\n\t\n\t\n\t<div id=\"gap-1423290657\" class=\"gap-element clearfix\" style=\"display:block; height:auto;\">\n\t\t\n<style>\n#gap-1423290657 {\n  padding-top: 30px;\n}\n<\/style>\n\t<\/div>\n\t\n\n<a href=\"https:\/\/fundaciocomt.quimeras.cat\/wp-content\/uploads\/2021\/06\/ESTATS_FINANCERS_2020.pdf\" target=\"_blank\" class=\"button secondary lowercase expand\" rel=\"noopener\"  style=\"border-radius:25px;\">\n\t<i class=\"icon-angle-right\" aria-hidden=\"true\" ><\/i>\t<span>Ejercicio 2020<\/span>\n\t<\/a>\n\n\n<a href=\"https:\/\/fundacioantoniusmusa.com\/wp-content\/uploads\/2022\/04\/Informe-Auditoria-i-CCAA-2021.pdf\" target=\"_blank\" class=\"button secondary lowercase expand\" rel=\"noopener\"  style=\"border-radius:25px;\">\n\t<i class=\"icon-angle-right\" aria-hidden=\"true\" ><\/i>\t<span>Ejercicio 2021<\/span>\n\t<\/a>\n\n\n<a href=\"https:\/\/fundacioantoniusmusa.com\/wp-content\/uploads\/2023\/04\/CCAA-FUNDACIO-MUSA-2022-AUDITADES.pdf\" target=\"_blank\" class=\"button secondary lowercase expand\" rel=\"noopener\"  style=\"border-radius:25px;\">\n\t<i class=\"icon-angle-right\" aria-hidden=\"true\" ><\/i>\t<span>Ejercicio 2022<\/span>\n\t<\/a>\n\n\n<a href=\"https:\/\/fundacioantoniusmusa.com\/wp-content\/uploads\/2024\/07\/Estats-financers-2023-FPSAM.pdf\" target=\"_blank\" class=\"button secondary lowercase expand\" rel=\"noopener\"  style=\"border-radius:25px;\">\n\t<i class=\"icon-angle-right\" aria-hidden=\"true\" ><\/i>\t<span>Ejercicio 2023<\/span>\n\t<\/a>\n\n\n<a href=\"https:\/\/fundacioantoniusmusa.com\/wp-content\/uploads\/2025\/07\/CCAA-amb-informe-auditoria-2024-FAM.pdf\" target=\"_blank\" class=\"button secondary lowercase expand\" rel=\"noopener\"  style=\"border-radius:25px;\">\n\t<i class=\"icon-angle-right\" aria-hidden=\"true\" ><\/i>\t<span>Ejercicio 2024<\/span>\n\t<\/a>\n\n\n\n\t\t<\/div>\n\t\t\t\t\t<\/div>\n\n\t\n\n\t<div id=\"col-846919060\" class=\"col medium-12 small-12 large-4\"  >\n\t\t\t\t<div class=\"col-inner\"  >\n\t\t\t\n\t<div class=\"is-border\"\n\t\tstyle=\"border-color:rgb(74, 207, 182);border-width:2px 2px 2px 2px;\">\n\t<\/div>\n\t\t\t\n\n\n\t\t<div class=\"icon-box featured-box icon-box-top text-left\"  >\n\t\t\t\t<div class=\"icon-box-text last-reset\">\n\t\t\t\t\t\t\t\t\t\n\n\t<div id=\"text-746962811\" class=\"text\">\n\t\t\n\n<h3>Memoria de actividad<\/h3>\n\t\t\n<style>\n#text-746962811 {\n  text-align: center;\n}\n<\/style>\n\t<\/div>\n\t\n\n\t\t<\/div>\n\t<\/div>\n\t\n\t\n\t<div id=\"gap-803745808\" class=\"gap-element clearfix\" style=\"display:block; height:auto;\">\n\t\t\n<style>\n#gap-803745808 {\n  padding-top: 30px;\n}\n<\/style>\n\t<\/div>\n\t\n\n<a href=\"https:\/\/fundacioantoniusmusa.com\/wp-content\/uploads\/2023\/05\/MEMORIA-ACTIVITATS-FUNDACIO-MUSA-2022.pdf\" target=\"_blank\" class=\"button secondary lowercase expand\" rel=\"noopener\"  style=\"border-radius:25px;\">\n\t<i class=\"icon-angle-right\" aria-hidden=\"true\" ><\/i>\t<span>Ejercicio 2022<\/span>\n\t<\/a>\n\n\n<a href=\"https:\/\/fundacioantoniusmusa.com\/wp-content\/uploads\/2024\/07\/Memoria-Economica-2023.pdf\" target=\"_blank\" class=\"button secondary lowercase expand\" rel=\"noopener\"  style=\"border-radius:25px;\">\n\t<i class=\"icon-angle-right\" aria-hidden=\"true\" ><\/i>\t<span>Ejercicio 2023<\/span>\n\t<\/a>\n\n\n\n\t\t<\/div>\n\t\t\t\t\t<\/div>\n\n\t\n\n\t<div id=\"col-868654050\" class=\"col medium-12 small-12 large-4\"  >\n\t\t\t\t<div class=\"col-inner\"  >\n\t\t\t\n\t<div class=\"is-border\"\n\t\tstyle=\"border-color:rgb(74, 207, 182);border-width:2px 2px 2px 2px;\">\n\t<\/div>\n\t\t\t\n\n\n\t\t<div class=\"icon-box featured-box icon-box-top text-left\"  >\n\t\t\t\t<div class=\"icon-box-text last-reset\">\n\t\t\t\t\t\t\t\t\t\n\n\t<div id=\"text-4132881820\" class=\"text\">\n\t\t\n\n<h3>Pol\u00edtica de privacidad<\/h3>\n\t\t\n<style>\n#text-4132881820 {\n  text-align: center;\n}\n<\/style>\n\t<\/div>\n\t\n\n\t\t<\/div>\n\t<\/div>\n\t\n\t\n\t<div id=\"gap-118439543\" class=\"gap-element clearfix\" style=\"display:block; height:auto;\">\n\t\t\n<style>\n#gap-118439543 {\n  padding-top: 30px;\n}\n<\/style>\n\t<\/div>\n\t\n\n<a href=\"https:\/\/fundacioantoniusmusa.com\/es\/politica-de-privacidad\/\" class=\"button secondary lowercase expand\"  style=\"border-radius:25px;\">\n\t<i class=\"icon-angle-right\" aria-hidden=\"true\" ><\/i>\t<span>Abrir<\/span>\n\t<\/a>\n\n\n\n\t\t<\/div>\n\t\t\t\t\t<\/div>\n\n\t\n\n\n<style>\n#row-1963026641 > .col > .col-inner {\n  padding: 40px 40px 40px 40px;\n}\n<\/style>\n<\/div>\n\n\t\t<\/div>\n\n\t\t\n<style>\n#section_676099745 {\n  padding-top: 80px;\n  padding-bottom: 80px;\n}\n<\/style>\n\t<\/section>\n\t\n\n","protected":false},"excerpt":{"rendered":"","protected":false},"author":1,"featured_media":0,"parent":0,"menu_order":50,"comment_status":"closed","ping_status":"closed","template":"page-blank.php","meta":{"footnotes":""},"class_list":["post-3448","page","type-page","status-publish","hentry"],"yoast_head":"<!-- This site is optimized with the Yoast SEO plugin v26.3 - https:\/\/yoast.com\/wordpress\/plugins\/seo\/ -->\n<title>Transparencia - Fundaci\u00f3 Antonius Musa<\/title>\n<meta name=\"robots\" content=\"index, follow, max-snippet:-1, max-image-preview:large, max-video-preview:-1\" \/>\n<link rel=\"canonical\" href=\"https:\/\/fundacioantoniusmusa.com\/es\/transparencia\/\" \/>\n<meta property=\"og:locale\" content=\"es_ES\" \/>\n<meta property=\"og:type\" content=\"article\" \/>\n<meta property=\"og:title\" content=\"Transparencia - Fundaci\u00f3 Antonius Musa\" \/>\n<meta property=\"og:url\" content=\"https:\/\/fundacioantoniusmusa.com\/es\/transparencia\/\" \/>\n<meta property=\"og:site_name\" content=\"Fundaci\u00f3 Antonius Musa\" \/>\n<meta property=\"article:modified_time\" content=\"2025-11-15T15:39:31+00:00\" \/>\n<meta name=\"twitter:card\" content=\"summary_large_image\" \/>\n<meta name=\"twitter:label1\" content=\"Tiempo de lectura\" \/>\n\t<meta name=\"twitter:data1\" content=\"3 minutos\" \/>\n<script type=\"application\/ld+json\" class=\"yoast-schema-graph\">{\"@context\":\"https:\/\/schema.org\",\"@graph\":[{\"@type\":\"WebPage\",\"@id\":\"https:\/\/fundacioantoniusmusa.com\/es\/transparencia\/\",\"url\":\"https:\/\/fundacioantoniusmusa.com\/es\/transparencia\/\",\"name\":\"Transparencia - Fundaci\u00f3 Antonius Musa\",\"isPartOf\":{\"@id\":\"https:\/\/fundacioantoniusmusa.com\/es\/#website\"},\"datePublished\":\"2025-11-15T14:27:14+00:00\",\"dateModified\":\"2025-11-15T15:39:31+00:00\",\"breadcrumb\":{\"@id\":\"https:\/\/fundacioantoniusmusa.com\/es\/transparencia\/#breadcrumb\"},\"inLanguage\":\"es\",\"potentialAction\":[{\"@type\":\"ReadAction\",\"target\":[\"https:\/\/fundacioantoniusmusa.com\/es\/transparencia\/\"]}]},{\"@type\":\"BreadcrumbList\",\"@id\":\"https:\/\/fundacioantoniusmusa.com\/es\/transparencia\/#breadcrumb\",\"itemListElement\":[{\"@type\":\"ListItem\",\"position\":1,\"name\":\"Inici\",\"item\":\"https:\/\/fundacioantoniusmusa.com\/es\/\"},{\"@type\":\"ListItem\",\"position\":2,\"name\":\"Transparencia\"}]},{\"@type\":\"WebSite\",\"@id\":\"https:\/\/fundacioantoniusmusa.com\/es\/#website\",\"url\":\"https:\/\/fundacioantoniusmusa.com\/es\/\",\"name\":\"Fundaci\u00f3 Antonius Musa\",\"description\":\"\",\"potentialAction\":[{\"@type\":\"SearchAction\",\"target\":{\"@type\":\"EntryPoint\",\"urlTemplate\":\"https:\/\/fundacioantoniusmusa.com\/es\/?s={search_term_string}\"},\"query-input\":{\"@type\":\"PropertyValueSpecification\",\"valueRequired\":true,\"valueName\":\"search_term_string\"}}],\"inLanguage\":\"es\"}]}<\/script>\n<!-- \/ Yoast SEO plugin. -->","yoast_head_json":{"title":"Transparencia - Fundaci\u00f3 Antonius Musa","robots":{"index":"index","follow":"follow","max-snippet":"max-snippet:-1","max-image-preview":"max-image-preview:large","max-video-preview":"max-video-preview:-1"},"canonical":"https:\/\/fundacioantoniusmusa.com\/es\/transparencia\/","og_locale":"es_ES","og_type":"article","og_title":"Transparencia - Fundaci\u00f3 Antonius Musa","og_url":"https:\/\/fundacioantoniusmusa.com\/es\/transparencia\/","og_site_name":"Fundaci\u00f3 Antonius Musa","article_modified_time":"2025-11-15T15:39:31+00:00","twitter_card":"summary_large_image","twitter_misc":{"Tiempo de lectura":"3 minutos"},"schema":{"@context":"https:\/\/schema.org","@graph":[{"@type":"WebPage","@id":"https:\/\/fundacioantoniusmusa.com\/es\/transparencia\/","url":"https:\/\/fundacioantoniusmusa.com\/es\/transparencia\/","name":"Transparencia - Fundaci\u00f3 Antonius Musa","isPartOf":{"@id":"https:\/\/fundacioantoniusmusa.com\/es\/#website"},"datePublished":"2025-11-15T14:27:14+00:00","dateModified":"2025-11-15T15:39:31+00:00","breadcrumb":{"@id":"https:\/\/fundacioantoniusmusa.com\/es\/transparencia\/#breadcrumb"},"inLanguage":"es","potentialAction":[{"@type":"ReadAction","target":["https:\/\/fundacioantoniusmusa.com\/es\/transparencia\/"]}]},{"@type":"BreadcrumbList","@id":"https:\/\/fundacioantoniusmusa.com\/es\/transparencia\/#breadcrumb","itemListElement":[{"@type":"ListItem","position":1,"name":"Inici","item":"https:\/\/fundacioantoniusmusa.com\/es\/"},{"@type":"ListItem","position":2,"name":"Transparencia"}]},{"@type":"WebSite","@id":"https:\/\/fundacioantoniusmusa.com\/es\/#website","url":"https:\/\/fundacioantoniusmusa.com\/es\/","name":"Fundaci\u00f3 Antonius Musa","description":"","potentialAction":[{"@type":"SearchAction","target":{"@type":"EntryPoint","urlTemplate":"https:\/\/fundacioantoniusmusa.com\/es\/?s={search_term_string}"},"query-input":{"@type":"PropertyValueSpecification","valueRequired":true,"valueName":"search_term_string"}}],"inLanguage":"es"}]}},"_links":{"self":[{"href":"https:\/\/fundacioantoniusmusa.com\/es\/wp-json\/wp\/v2\/pages\/3448","targetHints":{"allow":["GET"]}}],"collection":[{"href":"https:\/\/fundacioantoniusmusa.com\/es\/wp-json\/wp\/v2\/pages"}],"about":[{"href":"https:\/\/fundacioantoniusmusa.com\/es\/wp-json\/wp\/v2\/types\/page"}],"author":[{"embeddable":true,"href":"https:\/\/fundacioantoniusmusa.com\/es\/wp-json\/wp\/v2\/users\/1"}],"replies":[{"embeddable":true,"href":"https:\/\/fundacioantoniusmusa.com\/es\/wp-json\/wp\/v2\/comments?post=3448"}],"version-history":[{"count":8,"href":"https:\/\/fundacioantoniusmusa.com\/es\/wp-json\/wp\/v2\/pages\/3448\/revisions"}],"predecessor-version":[{"id":3652,"href":"https:\/\/fundacioantoniusmusa.com\/es\/wp-json\/wp\/v2\/pages\/3448\/revisions\/3652"}],"wp:attachment":[{"href":"https:\/\/fundacioantoniusmusa.com\/es\/wp-json\/wp\/v2\/media?parent=3448"}],"curies":[{"name":"wp","href":"https:\/\/api.w.org\/{rel}","templated":true}]}}