{"id":3483,"date":"2025-11-15T15:28:15","date_gmt":"2025-11-15T14:28:15","guid":{"rendered":"https:\/\/fundacioantoniusmusa.com\/el-equipo\/"},"modified":"2025-11-21T13:15:50","modified_gmt":"2025-11-21T12:15:50","slug":"el-equipo","status":"publish","type":"page","link":"https:\/\/fundacioantoniusmusa.com\/es\/el-equipo\/","title":{"rendered":"El equipo"},"content":{"rendered":"\n\n  <div class=\"banner has-hover\" id=\"banner-1288419848\">\n          <div class=\"banner-inner fill\">\n        <div class=\"banner-bg fill\" >\n            <img loading=\"lazy\" decoding=\"async\" width=\"1920\" height=\"800\" src=\"https:\/\/fundacioantoniusmusa.com\/wp-content\/uploads\/2021\/05\/medical-banner-with-icons-min.jpg\" class=\"bg attachment-original size-original\" alt=\"\" \/>                        <div class=\"overlay\"><\/div>            \n                    <\/div>\n\t\t\n        <div class=\"banner-layers container\">\n            <div class=\"fill banner-link\"><\/div>            \n\n   <div id=\"text-box-8868132\" class=\"text-box banner-layer x10 md-x50 lg-x50 y30 md-y50 lg-y50 res-text\">\n                                <div class=\"text-box-content text dark\">\n              \n              <div class=\"text-inner text-left\">\n                  \n\n\t<div id=\"text-947237854\" class=\"text\">\n\t\t\n\n<h2>El equipo<\/h2>\n\t\t\n<style>\n#text-947237854 {\n  text-align: center;\n}\n<\/style>\n\t<\/div>\n\t\n\n              <\/div>\n           <\/div>\n                            \n<style>\n#text-box-8868132 {\n  width: 73%;\n}\n#text-box-8868132 .text-box-content {\n  font-size: 100%;\n}\n@media (min-width:550px) {\n  #text-box-8868132 {\n    width: 48%;\n  }\n}\n<\/style>\n    <\/div>\n \n\n        <\/div>\n      <\/div>\n\n            \n<style>\n#banner-1288419848 {\n  padding-top: 250px;\n}\n#banner-1288419848 .overlay {\n  background-color: rgba(105, 236, 214, 0.674);\n}\n<\/style>\n  <\/div>\n\n\n\n\t<section class=\"section\" id=\"section_101090294\">\n\t\t<div class=\"section-bg fill\" >\n\t\t\t\t\t\t\t\t\t\n\t\t\t\n\n\t\t<\/div>\n\n\t\t\n\n\t\t<div class=\"section-content relative\">\n\t\t\t\n\n<div class=\"row\"  id=\"row-128143686\">\n\n\n\t<div id=\"col-692428785\" class=\"col small-12 large-12\"  >\n\t\t\t\t<div class=\"col-inner text-center\"  >\n\t\t\t\n\t\t\t\n\n<h2>Miembros del Patronato<\/h2>\n<p>Estos son los miembros que componen el Patronato de la Fundaci\u00f3n Antonius Musa.<\/p>\n\n\t\t<\/div>\n\t\t\t\t\t<\/div>\n\n\t\n\n<\/div>\n<div class=\"row align-center\"  id=\"row-1159337453\">\n\n\n\t<div id=\"col-996024690\" class=\"col medium-4 small-12 large-4\"  >\n\t\t\t\t<div class=\"col-inner text-left\"  >\n\t\t\t\n\t\t\t\n\n\t<div class=\"box has-hover   has-hover box-overlay dark box-text-bottom\" >\n\n\t\t<div class=\"box-image\" >\n\t\t\t\t\t\t<div class=\"image-overlay-add image-cover\" style=\"padding-top:100%;\">\n\t\t\t\t<img loading=\"lazy\" decoding=\"async\" width=\"500\" height=\"500\" src=\"https:\/\/fundacioantoniusmusa.com\/wp-content\/uploads\/2021\/06\/Sin-ti\u0301tsulo-1.jpg\" class=\"attachment- size-\" alt=\"\" srcset=\"https:\/\/fundacioantoniusmusa.com\/wp-content\/uploads\/2021\/06\/Sin-ti\u0301tsulo-1.jpg 500w, https:\/\/fundacioantoniusmusa.com\/wp-content\/uploads\/2021\/06\/Sin-ti\u0301tsulo-1-300x300.jpg 300w, https:\/\/fundacioantoniusmusa.com\/wp-content\/uploads\/2021\/06\/Sin-ti\u0301tsulo-1-150x150.jpg 150w\" sizes=\"(max-width: 500px) 100vw, 500px\" \/>\t\t\t\t<div class=\"overlay\" style=\"background-color:rgba(28, 28, 28, 0.5)\"><\/div>\t\t\t\t\t\t\t<\/div>\n\t\t\t\t\t<\/div>\n\n\t\t<div class=\"box-text show-on-hover hover-slide text-left\" style=\"padding:20px 20px 20px 20px;\">\n\t\t\t<div class=\"box-text-inner\">\n\t\t\t\t\n\n\n\t\t\t<\/div>\n\t\t<\/div>\n\t<\/div>\n\t\n\t<div id=\"gap-1804183802\" class=\"gap-element clearfix\" style=\"display:block; height:auto;\">\n\t\t\n<style>\n#gap-1804183802 {\n  padding-top: 20px;\n}\n<\/style>\n\t<\/div>\n\t\n\n<p style=\"margin-bottom: 0px; font-size: 80%;\">Presidenta<\/p>\n<h3>Dra. M\u00aa Ant\u00f2nia Francesch Freixes <\/h3>\n\n\t\t<\/div>\n\t\t\t\t\t<\/div>\n\n\t\n\n\t<div id=\"col-221969594\" class=\"col medium-4 small-12 large-4\"  >\n\t\t\t\t<div class=\"col-inner text-left\"  >\n\t\t\t\n\t\t\t\n\n\t<div class=\"box has-hover   has-hover box-overlay dark box-text-bottom\" >\n\n\t\t<div class=\"box-image\" >\n\t\t\t\t\t\t<div class=\"image-overlay-add image-cover\" style=\"padding-top:100%;\">\n\t\t\t\t<img loading=\"lazy\" decoding=\"async\" width=\"1080\" height=\"1080\" src=\"https:\/\/fundacioantoniusmusa.com\/wp-content\/uploads\/2025\/11\/Luisa-fundacio.png\" class=\"attachment- size-\" alt=\"\" srcset=\"https:\/\/fundacioantoniusmusa.com\/wp-content\/uploads\/2025\/11\/Luisa-fundacio.png 1080w, https:\/\/fundacioantoniusmusa.com\/wp-content\/uploads\/2025\/11\/Luisa-fundacio-300x300.png 300w, https:\/\/fundacioantoniusmusa.com\/wp-content\/uploads\/2025\/11\/Luisa-fundacio-1024x1024.png 1024w, https:\/\/fundacioantoniusmusa.com\/wp-content\/uploads\/2025\/11\/Luisa-fundacio-150x150.png 150w, https:\/\/fundacioantoniusmusa.com\/wp-content\/uploads\/2025\/11\/Luisa-fundacio-768x768.png 768w\" sizes=\"(max-width: 1080px) 100vw, 1080px\" \/>\t\t\t\t<div class=\"overlay\" style=\"background-color:rgba(28, 28, 28, 0.5)\"><\/div>\t\t\t\t\t\t\t<\/div>\n\t\t\t\t\t<\/div>\n\n\t\t<div class=\"box-text show-on-hover hover-slide text-left\" style=\"padding:20px 20px 20px 20px;\">\n\t\t\t<div class=\"box-text-inner\">\n\t\t\t\t\n\n\n\t\t\t<\/div>\n\t\t<\/div>\n\t<\/div>\n\t\n\t<div id=\"gap-1174811855\" class=\"gap-element clearfix\" style=\"display:block; height:auto;\">\n\t\t\n<style>\n#gap-1174811855 {\n  padding-top: 20px;\n}\n<\/style>\n\t<\/div>\n\t\n\n<p style=\"margin-bottom: 0px; font-size: 80%;\">Secretaria<\/p>\n<h3>Dra. Mar\u00eda Luisa D\u00edaz Fern\u00e1ndez <\/h3>\n\n\t\t<\/div>\n\t\t\t\t\t<\/div>\n\n\t\n\n\t<div id=\"col-289150172\" class=\"col medium-4 small-12 large-4\"  >\n\t\t\t\t<div class=\"col-inner text-left\"  >\n\t\t\t\n\t\t\t\n\n\t<div class=\"box has-hover   has-hover box-overlay dark box-text-bottom\" >\n\n\t\t<div class=\"box-image\" >\n\t\t\t\t\t\t<div class=\"image-overlay-add image-cover\" style=\"padding-top:100%;\">\n\t\t\t\t<img loading=\"lazy\" decoding=\"async\" width=\"1920\" height=\"1080\" src=\"https:\/\/fundacioantoniusmusa.com\/wp-content\/uploads\/2021\/05\/Sergi-Boada.jpg\" class=\"attachment- size-\" alt=\"\" srcset=\"https:\/\/fundacioantoniusmusa.com\/wp-content\/uploads\/2021\/05\/Sergi-Boada.jpg 1920w, https:\/\/fundacioantoniusmusa.com\/wp-content\/uploads\/2021\/05\/Sergi-Boada-300x169.jpg 300w, https:\/\/fundacioantoniusmusa.com\/wp-content\/uploads\/2021\/05\/Sergi-Boada-1024x576.jpg 1024w, https:\/\/fundacioantoniusmusa.com\/wp-content\/uploads\/2021\/05\/Sergi-Boada-768x432.jpg 768w, https:\/\/fundacioantoniusmusa.com\/wp-content\/uploads\/2021\/05\/Sergi-Boada-1536x864.jpg 1536w\" sizes=\"(max-width: 1920px) 100vw, 1920px\" \/>\t\t\t\t<div class=\"overlay\" style=\"background-color:rgba(28, 28, 28, 0.5)\"><\/div>\t\t\t\t\t\t\t<\/div>\n\t\t\t\t\t<\/div>\n\n\t\t<div class=\"box-text show-on-hover hover-slide text-left\" style=\"padding:20px 20px 20px 20px;\">\n\t\t\t<div class=\"box-text-inner\">\n\t\t\t\t\n\n\n\t\t\t<\/div>\n\t\t<\/div>\n\t<\/div>\n\t\n\t<div id=\"gap-2117266605\" class=\"gap-element clearfix\" style=\"display:block; height:auto;\">\n\t\t\n<style>\n#gap-2117266605 {\n  padding-top: 20px;\n}\n<\/style>\n\t<\/div>\n\t\n\n<p style=\"margin-bottom: 0px; font-size: 80%;\">Vocal<\/p>\n<h3>Dr. Sergi Boada Pi\u00e9<\/h3>\n\n\t\t<\/div>\n\t\t\t\t\t<\/div>\n\n\t\n\n\t<div id=\"col-1945367339\" class=\"col medium-4 small-12 large-4\"  >\n\t\t\t\t<div class=\"col-inner text-left\"  >\n\t\t\t\n\t\t\t\n\n\t<div class=\"box has-hover   has-hover box-overlay dark box-text-bottom\" >\n\n\t\t<div class=\"box-image\" >\n\t\t\t\t\t\t<div class=\"image-overlay-add image-cover\" style=\"padding-top:100%;\">\n\t\t\t\t<img loading=\"lazy\" decoding=\"async\" width=\"500\" height=\"500\" src=\"https:\/\/fundacioantoniusmusa.com\/wp-content\/uploads\/2021\/06\/Sin-ti\u0301tulo-1.jpg\" class=\"attachment- size-\" alt=\"\" srcset=\"https:\/\/fundacioantoniusmusa.com\/wp-content\/uploads\/2021\/06\/Sin-ti\u0301tulo-1.jpg 500w, https:\/\/fundacioantoniusmusa.com\/wp-content\/uploads\/2021\/06\/Sin-ti\u0301tulo-1-300x300.jpg 300w, https:\/\/fundacioantoniusmusa.com\/wp-content\/uploads\/2021\/06\/Sin-ti\u0301tulo-1-150x150.jpg 150w\" sizes=\"(max-width: 500px) 100vw, 500px\" \/>\t\t\t\t<div class=\"overlay\" style=\"background-color:rgba(28, 28, 28, 0.5)\"><\/div>\t\t\t\t\t\t\t<\/div>\n\t\t\t\t\t<\/div>\n\n\t\t<div class=\"box-text show-on-hover hover-slide text-left\" style=\"padding:20px 20px 20px 20px;\">\n\t\t\t<div class=\"box-text-inner\">\n\t\t\t\t\n\n\n\t\t\t<\/div>\n\t\t<\/div>\n\t<\/div>\n\t\n\t<div id=\"gap-293361615\" class=\"gap-element clearfix\" style=\"display:block; height:auto;\">\n\t\t\n<style>\n#gap-293361615 {\n  padding-top: 20px;\n}\n<\/style>\n\t<\/div>\n\t\n\n<p style=\"margin-bottom: 0px; font-size: 80%;\">Vocal<\/p>\n<h3>Dr. Miquel Dom\u00e8nech Mestre<\/h3>\n\n\t\t<\/div>\n\t\t\t\t\t<\/div>\n\n\t\n\n\t<div id=\"col-2127869029\" class=\"col medium-4 small-12 large-4\"  >\n\t\t\t\t<div class=\"col-inner text-left\"  >\n\t\t\t\n\t\t\t\n\n\t<div class=\"box has-hover   has-hover box-overlay dark box-text-bottom\" >\n\n\t\t<div class=\"box-image\" >\n\t\t\t\t\t\t<div class=\"image-overlay-add image-cover\" style=\"padding-top:100%;\">\n\t\t\t\t<img loading=\"lazy\" decoding=\"async\" width=\"500\" height=\"500\" src=\"https:\/\/fundacioantoniusmusa.com\/wp-content\/uploads\/2024\/08\/Dra_Irene_Bou_Tarrega.jpg\" class=\"attachment- size-\" alt=\"Dra_Irene_Bou_Tarrega\" srcset=\"https:\/\/fundacioantoniusmusa.com\/wp-content\/uploads\/2024\/08\/Dra_Irene_Bou_Tarrega.jpg 500w, https:\/\/fundacioantoniusmusa.com\/wp-content\/uploads\/2024\/08\/Dra_Irene_Bou_Tarrega-300x300.jpg 300w, https:\/\/fundacioantoniusmusa.com\/wp-content\/uploads\/2024\/08\/Dra_Irene_Bou_Tarrega-150x150.jpg 150w\" sizes=\"(max-width: 500px) 100vw, 500px\" \/>\t\t\t\t<div class=\"overlay\" style=\"background-color:rgba(28, 28, 28, 0.5)\"><\/div>\t\t\t\t\t\t\t<\/div>\n\t\t\t\t\t<\/div>\n\n\t\t<div class=\"box-text show-on-hover hover-slide text-left\" style=\"padding:20px 20px 20px 20px;\">\n\t\t\t<div class=\"box-text-inner\">\n\t\t\t\t\n\n\n\t\t\t<\/div>\n\t\t<\/div>\n\t<\/div>\n\t\n\t<div id=\"gap-1018788553\" class=\"gap-element clearfix\" style=\"display:block; height:auto;\">\n\t\t\n<style>\n#gap-1018788553 {\n  padding-top: 20px;\n}\n<\/style>\n\t<\/div>\n\t\n\n<p style=\"margin-bottom: 0px; font-size: 80%;\">Vocal<\/p>\n<h3>Dra. Irene Bou T\u00e0rrega <\/h3>\n\n\t\t<\/div>\n\t\t\t\t\t<\/div>\n\n\t\n\n\t<div id=\"col-1078756183\" class=\"col medium-4 small-12 large-4\"  >\n\t\t\t\t<div class=\"col-inner text-left\"  >\n\t\t\t\n\t\t\t\n\n\t<div class=\"box has-hover   has-hover box-overlay dark box-text-bottom\" >\n\n\t\t<div class=\"box-image\" >\n\t\t\t\t\t\t<div class=\"image-overlay-add image-cover\" style=\"padding-top:100%;\">\n\t\t\t\t<img loading=\"lazy\" decoding=\"async\" width=\"500\" height=\"500\" src=\"https:\/\/fundacioantoniusmusa.com\/wp-content\/uploads\/2024\/08\/Dr_Manuel_Carasol_Ferrer.jpg\" class=\"attachment- size-\" alt=\"Dr_Manuel_Carasol_Ferrer\" srcset=\"https:\/\/fundacioantoniusmusa.com\/wp-content\/uploads\/2024\/08\/Dr_Manuel_Carasol_Ferrer.jpg 500w, https:\/\/fundacioantoniusmusa.com\/wp-content\/uploads\/2024\/08\/Dr_Manuel_Carasol_Ferrer-300x300.jpg 300w, https:\/\/fundacioantoniusmusa.com\/wp-content\/uploads\/2024\/08\/Dr_Manuel_Carasol_Ferrer-150x150.jpg 150w\" sizes=\"(max-width: 500px) 100vw, 500px\" \/>\t\t\t\t<div class=\"overlay\" style=\"background-color:rgba(28, 28, 28, 0.5)\"><\/div>\t\t\t\t\t\t\t<\/div>\n\t\t\t\t\t<\/div>\n\n\t\t<div class=\"box-text show-on-hover hover-slide text-left\" style=\"padding:20px 20px 20px 20px;\">\n\t\t\t<div class=\"box-text-inner\">\n\t\t\t\t\n\n\n\t\t\t<\/div>\n\t\t<\/div>\n\t<\/div>\n\t\n\t<div id=\"gap-1528818873\" class=\"gap-element clearfix\" style=\"display:block; height:auto;\">\n\t\t\n<style>\n#gap-1528818873 {\n  padding-top: 20px;\n}\n<\/style>\n\t<\/div>\n\t\n\n<p style=\"margin-bottom: 0px; font-size: 80%;\">Vocal<\/p>\n<h3>Dr. Manuel Carasol Ferrer<\/h3>\n\n\t\t<\/div>\n\t\t\t\t\t<\/div>\n\n\t\n\n\t<div id=\"col-858042962\" class=\"col medium-4 small-12 large-4\"  >\n\t\t\t\t<div class=\"col-inner text-left\"  >\n\t\t\t\n\t\t\t\n\n\t<div class=\"box has-hover   has-hover box-overlay dark box-text-bottom\" >\n\n\t\t<div class=\"box-image\" >\n\t\t\t\t\t\t<div class=\"image-overlay-add image-cover\" style=\"padding-top:100%;\">\n\t\t\t\t<img loading=\"lazy\" decoding=\"async\" width=\"1080\" height=\"1080\" src=\"https:\/\/fundacioantoniusmusa.com\/wp-content\/uploads\/2025\/10\/Diseno-sin-titulo-4.png\" class=\"attachment- size-\" alt=\"\" srcset=\"https:\/\/fundacioantoniusmusa.com\/wp-content\/uploads\/2025\/10\/Diseno-sin-titulo-4.png 1080w, https:\/\/fundacioantoniusmusa.com\/wp-content\/uploads\/2025\/10\/Diseno-sin-titulo-4-300x300.png 300w, https:\/\/fundacioantoniusmusa.com\/wp-content\/uploads\/2025\/10\/Diseno-sin-titulo-4-1024x1024.png 1024w, https:\/\/fundacioantoniusmusa.com\/wp-content\/uploads\/2025\/10\/Diseno-sin-titulo-4-150x150.png 150w, https:\/\/fundacioantoniusmusa.com\/wp-content\/uploads\/2025\/10\/Diseno-sin-titulo-4-768x768.png 768w\" sizes=\"(max-width: 1080px) 100vw, 1080px\" \/>\t\t\t\t<div class=\"overlay\" style=\"background-color:rgba(28, 28, 28, 0.5)\"><\/div>\t\t\t\t\t\t\t<\/div>\n\t\t\t\t\t<\/div>\n\n\t\t<div class=\"box-text show-on-hover hover-slide text-left\" style=\"padding:20px 20px 20px 20px;\">\n\t\t\t<div class=\"box-text-inner\">\n\t\t\t\t\n\n\n\t\t\t<\/div>\n\t\t<\/div>\n\t<\/div>\n\t\n\t<div id=\"gap-235824468\" class=\"gap-element clearfix\" style=\"display:block; height:auto;\">\n\t\t\n<style>\n#gap-235824468 {\n  padding-top: 20px;\n}\n<\/style>\n\t<\/div>\n\t\n\n<p style=\"margin-bottom: 0px; font-size: 80%;\">Vocal<\/p>\n<h3>Dra. Gemma Ruiz Sabat\u00e9 <\/h3>\n\n\t\t<\/div>\n\t\t\t\t\t<\/div>\n\n\t\n\n\t<div id=\"col-1454533338\" class=\"col medium-4 small-12 large-4\"  >\n\t\t\t\t<div class=\"col-inner text-left\"  >\n\t\t\t\n\t\t\t\n\n\t<div class=\"box has-hover   has-hover box-overlay dark box-text-bottom\" >\n\n\t\t<div class=\"box-image\" >\n\t\t\t\t\t\t<div class=\"image-overlay-add image-cover\" style=\"padding-top:100%;\">\n\t\t\t\t<img loading=\"lazy\" decoding=\"async\" width=\"500\" height=\"500\" src=\"https:\/\/fundacioantoniusmusa.com\/wp-content\/uploads\/2024\/08\/Dra_Meritxell_Arenas_Prat.jpg\" class=\"attachment- size-\" alt=\"\" srcset=\"https:\/\/fundacioantoniusmusa.com\/wp-content\/uploads\/2024\/08\/Dra_Meritxell_Arenas_Prat.jpg 500w, https:\/\/fundacioantoniusmusa.com\/wp-content\/uploads\/2024\/08\/Dra_Meritxell_Arenas_Prat-300x300.jpg 300w, https:\/\/fundacioantoniusmusa.com\/wp-content\/uploads\/2024\/08\/Dra_Meritxell_Arenas_Prat-150x150.jpg 150w\" sizes=\"(max-width: 500px) 100vw, 500px\" \/>\t\t\t\t<div class=\"overlay\" style=\"background-color:rgba(28, 28, 28, 0.5)\"><\/div>\t\t\t\t\t\t\t<\/div>\n\t\t\t\t\t<\/div>\n\n\t\t<div class=\"box-text show-on-hover hover-slide text-left\" style=\"padding:20px 20px 20px 20px;\">\n\t\t\t<div class=\"box-text-inner\">\n\t\t\t\t\n\n\n\t\t\t<\/div>\n\t\t<\/div>\n\t<\/div>\n\t\n\t<div id=\"gap-327926427\" class=\"gap-element clearfix\" style=\"display:block; height:auto;\">\n\t\t\n<style>\n#gap-327926427 {\n  padding-top: 20px;\n}\n<\/style>\n\t<\/div>\n\t\n\n<p style=\"margin-bottom: 0px; font-size: 80%;\">Vocal<\/p>\n<h3>Dra. Meritxell Arenas Prat<\/h3>\n\n\t\t<\/div>\n\t\t\t\t\t<\/div>\n\n\t\n\n\t<div id=\"col-1975908197\" class=\"col medium-4 small-12 large-4\"  >\n\t\t\t\t<div class=\"col-inner text-left\"  >\n\t\t\t\n\t\t\t\n\n\t<div class=\"box has-hover   has-hover box-overlay dark box-text-bottom\" >\n\n\t\t<div class=\"box-image\" >\n\t\t\t\t\t\t<div class=\"image-overlay-add image-cover\" style=\"padding-top:100%;\">\n\t\t\t\t<img loading=\"lazy\" decoding=\"async\" width=\"2560\" height=\"1440\" src=\"https:\/\/fundacioantoniusmusa.com\/wp-content\/uploads\/2022\/09\/GemmaBona-scaled.webp\" class=\"attachment- size-\" alt=\"Gemma Bona_Trabajadora Social\" srcset=\"https:\/\/fundacioantoniusmusa.com\/wp-content\/uploads\/2022\/09\/GemmaBona-scaled.webp 2560w, https:\/\/fundacioantoniusmusa.com\/wp-content\/uploads\/2022\/09\/GemmaBona-300x169.webp 300w, https:\/\/fundacioantoniusmusa.com\/wp-content\/uploads\/2022\/09\/GemmaBona-1024x576.webp 1024w, https:\/\/fundacioantoniusmusa.com\/wp-content\/uploads\/2022\/09\/GemmaBona-768x432.webp 768w, https:\/\/fundacioantoniusmusa.com\/wp-content\/uploads\/2022\/09\/GemmaBona-1536x864.webp 1536w, https:\/\/fundacioantoniusmusa.com\/wp-content\/uploads\/2022\/09\/GemmaBona-2048x1152.webp 2048w\" sizes=\"(max-width: 2560px) 100vw, 2560px\" \/>\t\t\t\t<div class=\"overlay\" style=\"background-color:rgba(28, 28, 28, 0.5)\"><\/div>\t\t\t\t\t\t\t<\/div>\n\t\t\t\t\t<\/div>\n\n\t\t<div class=\"box-text show-on-hover hover-slide text-left\" style=\"padding:20px 20px 20px 20px;\">\n\t\t\t<div class=\"box-text-inner\">\n\t\t\t\t\n\n\n\t\t\t<\/div>\n\t\t<\/div>\n\t<\/div>\n\t\n\t<div id=\"gap-485419382\" class=\"gap-element clearfix\" style=\"display:block; height:auto;\">\n\t\t\n<style>\n#gap-485419382 {\n  padding-top: 20px;\n}\n<\/style>\n\t<\/div>\n\t\n\n<p style=\"margin-bottom: 0px; font-size: 80%;\">Trabajadora social<\/p>\n<h3>Gemma Bona Oomens<\/h3>\n\n\t\t<\/div>\n\t\t\t\t\t<\/div>\n\n\t\n\n<\/div>\n\n\t\t<\/div>\n\n\t\t\n<style>\n#section_101090294 {\n  padding-top: 80px;\n  padding-bottom: 80px;\n}\n<\/style>\n\t<\/section>\n\t\n\n","protected":false},"excerpt":{"rendered":"","protected":false},"author":1,"featured_media":0,"parent":0,"menu_order":40,"comment_status":"closed","ping_status":"closed","template":"page-blank.php","meta":{"footnotes":""},"class_list":["post-3483","page","type-page","status-publish","hentry"],"yoast_head":"<!-- This site is optimized with the Yoast SEO plugin v26.3 - https:\/\/yoast.com\/wordpress\/plugins\/seo\/ -->\n<title>El equipo - Fundaci\u00f3 Antonius Musa<\/title>\n<meta name=\"robots\" content=\"index, follow, max-snippet:-1, max-image-preview:large, max-video-preview:-1\" \/>\n<link rel=\"canonical\" href=\"https:\/\/fundacioantoniusmusa.com\/es\/el-equipo\/\" \/>\n<meta property=\"og:locale\" content=\"es_ES\" \/>\n<meta property=\"og:type\" content=\"article\" \/>\n<meta property=\"og:title\" content=\"El equipo - Fundaci\u00f3 Antonius Musa\" \/>\n<meta property=\"og:url\" content=\"https:\/\/fundacioantoniusmusa.com\/es\/el-equipo\/\" \/>\n<meta property=\"og:site_name\" content=\"Fundaci\u00f3 Antonius Musa\" \/>\n<meta property=\"article:modified_time\" content=\"2025-11-21T12:15:50+00:00\" \/>\n<meta name=\"twitter:card\" content=\"summary_large_image\" \/>\n<meta name=\"twitter:label1\" content=\"Tiempo de lectura\" \/>\n\t<meta name=\"twitter:data1\" content=\"2 minutos\" \/>\n<script type=\"application\/ld+json\" class=\"yoast-schema-graph\">{\"@context\":\"https:\/\/schema.org\",\"@graph\":[{\"@type\":\"WebPage\",\"@id\":\"https:\/\/fundacioantoniusmusa.com\/es\/el-equipo\/\",\"url\":\"https:\/\/fundacioantoniusmusa.com\/es\/el-equipo\/\",\"name\":\"El equipo - Fundaci\u00f3 Antonius Musa\",\"isPartOf\":{\"@id\":\"https:\/\/fundacioantoniusmusa.com\/es\/#website\"},\"datePublished\":\"2025-11-15T14:28:15+00:00\",\"dateModified\":\"2025-11-21T12:15:50+00:00\",\"breadcrumb\":{\"@id\":\"https:\/\/fundacioantoniusmusa.com\/es\/el-equipo\/#breadcrumb\"},\"inLanguage\":\"es\",\"potentialAction\":[{\"@type\":\"ReadAction\",\"target\":[\"https:\/\/fundacioantoniusmusa.com\/es\/el-equipo\/\"]}]},{\"@type\":\"BreadcrumbList\",\"@id\":\"https:\/\/fundacioantoniusmusa.com\/es\/el-equipo\/#breadcrumb\",\"itemListElement\":[{\"@type\":\"ListItem\",\"position\":1,\"name\":\"Inici\",\"item\":\"https:\/\/fundacioantoniusmusa.com\/es\/\"},{\"@type\":\"ListItem\",\"position\":2,\"name\":\"El equipo\"}]},{\"@type\":\"WebSite\",\"@id\":\"https:\/\/fundacioantoniusmusa.com\/es\/#website\",\"url\":\"https:\/\/fundacioantoniusmusa.com\/es\/\",\"name\":\"Fundaci\u00f3 Antonius Musa\",\"description\":\"\",\"potentialAction\":[{\"@type\":\"SearchAction\",\"target\":{\"@type\":\"EntryPoint\",\"urlTemplate\":\"https:\/\/fundacioantoniusmusa.com\/es\/?s={search_term_string}\"},\"query-input\":{\"@type\":\"PropertyValueSpecification\",\"valueRequired\":true,\"valueName\":\"search_term_string\"}}],\"inLanguage\":\"es\"}]}<\/script>\n<!-- \/ Yoast SEO plugin. -->","yoast_head_json":{"title":"El equipo - Fundaci\u00f3 Antonius Musa","robots":{"index":"index","follow":"follow","max-snippet":"max-snippet:-1","max-image-preview":"max-image-preview:large","max-video-preview":"max-video-preview:-1"},"canonical":"https:\/\/fundacioantoniusmusa.com\/es\/el-equipo\/","og_locale":"es_ES","og_type":"article","og_title":"El equipo - Fundaci\u00f3 Antonius Musa","og_url":"https:\/\/fundacioantoniusmusa.com\/es\/el-equipo\/","og_site_name":"Fundaci\u00f3 Antonius Musa","article_modified_time":"2025-11-21T12:15:50+00:00","twitter_card":"summary_large_image","twitter_misc":{"Tiempo de lectura":"2 minutos"},"schema":{"@context":"https:\/\/schema.org","@graph":[{"@type":"WebPage","@id":"https:\/\/fundacioantoniusmusa.com\/es\/el-equipo\/","url":"https:\/\/fundacioantoniusmusa.com\/es\/el-equipo\/","name":"El equipo - Fundaci\u00f3 Antonius Musa","isPartOf":{"@id":"https:\/\/fundacioantoniusmusa.com\/es\/#website"},"datePublished":"2025-11-15T14:28:15+00:00","dateModified":"2025-11-21T12:15:50+00:00","breadcrumb":{"@id":"https:\/\/fundacioantoniusmusa.com\/es\/el-equipo\/#breadcrumb"},"inLanguage":"es","potentialAction":[{"@type":"ReadAction","target":["https:\/\/fundacioantoniusmusa.com\/es\/el-equipo\/"]}]},{"@type":"BreadcrumbList","@id":"https:\/\/fundacioantoniusmusa.com\/es\/el-equipo\/#breadcrumb","itemListElement":[{"@type":"ListItem","position":1,"name":"Inici","item":"https:\/\/fundacioantoniusmusa.com\/es\/"},{"@type":"ListItem","position":2,"name":"El equipo"}]},{"@type":"WebSite","@id":"https:\/\/fundacioantoniusmusa.com\/es\/#website","url":"https:\/\/fundacioantoniusmusa.com\/es\/","name":"Fundaci\u00f3 Antonius Musa","description":"","potentialAction":[{"@type":"SearchAction","target":{"@type":"EntryPoint","urlTemplate":"https:\/\/fundacioantoniusmusa.com\/es\/?s={search_term_string}"},"query-input":{"@type":"PropertyValueSpecification","valueRequired":true,"valueName":"search_term_string"}}],"inLanguage":"es"}]}},"_links":{"self":[{"href":"https:\/\/fundacioantoniusmusa.com\/es\/wp-json\/wp\/v2\/pages\/3483","targetHints":{"allow":["GET"]}}],"collection":[{"href":"https:\/\/fundacioantoniusmusa.com\/es\/wp-json\/wp\/v2\/pages"}],"about":[{"href":"https:\/\/fundacioantoniusmusa.com\/es\/wp-json\/wp\/v2\/types\/page"}],"author":[{"embeddable":true,"href":"https:\/\/fundacioantoniusmusa.com\/es\/wp-json\/wp\/v2\/users\/1"}],"replies":[{"embeddable":true,"href":"https:\/\/fundacioantoniusmusa.com\/es\/wp-json\/wp\/v2\/comments?post=3483"}],"version-history":[{"count":3,"href":"https:\/\/fundacioantoniusmusa.com\/es\/wp-json\/wp\/v2\/pages\/3483\/revisions"}],"predecessor-version":[{"id":3670,"href":"https:\/\/fundacioantoniusmusa.com\/es\/wp-json\/wp\/v2\/pages\/3483\/revisions\/3670"}],"wp:attachment":[{"href":"https:\/\/fundacioantoniusmusa.com\/es\/wp-json\/wp\/v2\/media?parent=3483"}],"curies":[{"name":"wp","href":"https:\/\/api.w.org\/{rel}","templated":true}]}}