{"id":3585,"date":"2025-06-06T14:23:43","date_gmt":"2025-06-06T12:23:43","guid":{"rendered":"https:\/\/fundacioantoniusmusa.com\/otras-ayudas\/ajut-per-situacions-de-dependencia\/"},"modified":"2025-11-15T15:57:09","modified_gmt":"2025-11-15T14:57:09","slug":"ajut-per-situacions-de-dependencia","status":"publish","type":"page","link":"https:\/\/fundacioantoniusmusa.com\/es\/otras-ayudas\/ajut-per-situacions-de-dependencia\/","title":{"rendered":"Ayuda para situaciones de dependencia"},"content":{"rendered":"\n\n\t<section class=\"section dark\" id=\"section_1257381055\">\n\t\t<div class=\"section-bg fill\" >\n\t\t\t<img loading=\"lazy\" decoding=\"async\" width=\"900\" height=\"600\" src=\"https:\/\/fundacioantoniusmusa.com\/wp-content\/uploads\/2021\/05\/closeup-of-supsport-hands-min.jpg\" class=\"bg attachment-original size-original\" alt=\"\" \/>\t\t\t\t\t\t<div class=\"section-bg-overlay absolute fill\"><\/div>\n\t\t\t\n\n\t\t<\/div>\n\n\t\t\n\n\t\t<div class=\"section-content relative\">\n\t\t\t\n\n<div class=\"row\"  id=\"row-450675206\">\n\n\n\t<div id=\"col-505411788\" class=\"col medium-6 small-12 large-6\"  >\n\t\t\t\t<div class=\"col-inner text-shadow-2\"  >\n\t\t\t\n\t\t\t\n\n<h1><span style=\"font-size: 180%;\">Ayudas de conciliaci\u00f3n<\/span><\/h1>\n\n\t\t<\/div>\n\t\t\t\t\t<\/div>\n\n\t\n\n\t<div id=\"col-2047093753\" class=\"col medium-6 small-12 large-6\"  >\n\t\t\t\t<div class=\"col-inner\" style=\"background-color:rgb(255,255,255);\" >\n\t\t\t\n\t\t\t\n\n\t<div id=\"text-1010509213\" class=\"text\">\n\t\t\n\n<h2><span style=\"color: #\u00e7;\" data-line-height=\"xs\">Solicite su ayuda<\/span><\/h2>\n<p><span style=\"font-size: 110%; color: #333333;\" data-line-height=\"xs\"><strong>Para solicitarla, haga clic en el bot\u00f3n y rellene el formulario.<\/strong><\/span><\/p>\n\t\t\n<style>\n#text-1010509213 {\n  color: #5f7398;\n}\n#text-1010509213 > * {\n  color: #5f7398;\n}\n<\/style>\n\t<\/div>\n\t\n<a href=\"https:\/\/fundacioantoniusmusa.com\/es\/contacto\/\" class=\"button alert lowercase\"  style=\"border-radius:21px;\">\n\t\t<span>Solicitar<\/span>\n\t<i class=\"icon-angle-right\" aria-hidden=\"true\" ><\/i><\/a>\n\n\n\n\t\t<\/div>\n\t\t\t\t\n<style>\n#col-2047093753 > .col-inner {\n  padding: 22px 9px 3px 29px;\n  margin: 27px 0px -58px 0px;\n  border-radius: 22px;\n}\n@media (min-width:550px) {\n  #col-2047093753 > .col-inner {\n    padding: 36px 20px 20px 52px;\n    margin: 0px 0px -64px 0px;\n  }\n}\n<\/style>\n\t<\/div>\n\n\t\n\n<\/div>\n\n\t\t<\/div>\n\n\t\t\n<style>\n#section_1257381055 {\n  padding-top: 100px;\n  padding-bottom: 100px;\n}\n#section_1257381055 .section-bg-overlay {\n  background-color: rgba(105, 236, 214, 0.674);\n}\n#section_1257381055 .section-bg img {\n  object-position: 0% 100%;\n}\n@media (min-width:550px) {\n  #section_1257381055 {\n    padding-top: 150px;\n    padding-bottom: 150px;\n  }\n}\n@media (min-width:850px) {\n  #section_1257381055 {\n    padding-top: 180px;\n    padding-bottom: 180px;\n  }\n}\n<\/style>\n\t<\/section>\n\t\n\n\t<section class=\"section\" id=\"section_1415728575\">\n\t\t<div class=\"section-bg fill\" >\n\t\t\t\t\t\t\t\t\t\n\t\t\t\n\n\t\t<\/div>\n\n\t\t\n\n\t\t<div class=\"section-content relative\">\n\t\t\t\n\n<div class=\"row\"  id=\"row-709099757\">\n\n\n\t<div id=\"col-2049378587\" class=\"col small-12 large-12\"  >\n\t\t\t\t<div class=\"col-inner\"  >\n\t\t\t\n\t<div class=\"is-border\"\n\t\tstyle=\"border-width:0 0px 0px 0px;\">\n\t<\/div>\n\t\t\t\n\n<div class=\"row row-small\"  id=\"row-1776300843\">\n\n\n\t<div id=\"col-389830869\" class=\"col small-12 large-12\"  >\n\t\t\t\t<div class=\"col-inner\"  >\n\t\t\t\n\t\t\t\n\n<div class=\"row\"  id=\"row-1055530555\">\n\n\n\t<div id=\"col-1242284152\" class=\"col small-12 large-12\"  >\n\t\t\t\t<div class=\"col-inner\"  >\n\t\t\t\n\t\t\t\n\n<h4><span style=\"font-size: 75%; background-color: #99cc00; color: #ffffff;\">&nbsp;Ayuda Puntual&nbsp;<\/span><\/h4>\n<h3><span style=\"font-size: 160%;\" data-line-height=\"xs\">Ayuda para cubrir obligaciones econ\u00f3micas colegiales por situaciones excepcionales de no ejercicio profesional de larga duraci\u00f3n<\/p>\n<p>\n<\/span><\/h3>\n<div class=\"is-divider divider clearfix\" style=\"margin-top:0.4em;margin-bottom:0.4em;\"><\/div>\n\n<p>Desde la Fundaci\u00f3n Antonius Musa ofrecemos un conjunto de ayudas destinadas a dar una respuesta concreta a diferentes situaciones de necesidad a las que se puede tener que hacer frente.<\/p>\n<p>A trav\u00e9s del Programa de Protecci\u00f3n Social (PPS), se quiere apoyar con una ayuda econ\u00f3mica puntual dentro de las Prestaciones por Conciliaci\u00f3n de la Vida Laboral y Familiar.<\/p>\n<div class=\"accordion\">\n\n\t<div id=\"accordion-3111605937\" class=\"accordion-item\">\n\t\t<a id=\"accordion-3111605937-label\" class=\"accordion-title plain\" href=\"#accordion-item-objeto\" aria-expanded=\"false\" aria-controls=\"accordion-3111605937-content\" >\n\t\t\t<button class=\"toggle\" aria-label=\"Toggle\"><i class=\"icon-angle-down\"><\/i><\/button>\n\t\t\t<span>Objeto<\/span>\n\t\t<\/a>\n\t\t<div id=\"accordion-3111605937-content\" class=\"accordion-inner\" aria-labelledby=\"accordion-3111605937-label\" >\n\t\t\t\n\n<p>El abono y\/o compensaci\u00f3n de la totalidad, o de la parte, de la cuota colegial que corresponda para apoyar a los m\u00e9dicos que debido a su situaci\u00f3n personal, familiar y m\u00e9dica, han visto reducidos sus ingresos ya sea por encontrarse en situaci\u00f3n de desempleo, maternidad\/paternidad, reducci\u00f3n de jornada laboral por cuidado de cuidado. o que debido a su situaci\u00f3n personal y temporalmente no ejercer\u00e1n la medicina.<\/p>\n\n\t\t<\/div>\n\t<\/div>\n\t\n\t<div id=\"accordion-904535552\" class=\"accordion-item\">\n\t\t<a id=\"accordion-904535552-label\" class=\"accordion-title plain\" href=\"#accordion-item-plazos-y-duraci\u00f3n-de-la-ayuda\" aria-expanded=\"false\" aria-controls=\"accordion-904535552-content\" >\n\t\t\t<button class=\"toggle\" aria-label=\"Toggle\"><i class=\"icon-angle-down\"><\/i><\/button>\n\t\t\t<span>Plazos y duraci\u00f3n de la ayuda<\/span>\n\t\t<\/a>\n\t\t<div id=\"accordion-904535552-content\" class=\"accordion-inner\" aria-labelledby=\"accordion-904535552-label\" >\n\t\t\t\n\n<p>El plazo de presentaci\u00f3n de solicitudes en la presente ayuda ser\u00e1 el comprendido entre los d\u00edas 01 y el 30 de noviembre ambos incluidos.<\/p>\n<p>Esta ayuda tendr\u00e1 una duraci\u00f3n m\u00e1xima de 12 meses, comprendidos de enero a diciembre, de tal forma que ser\u00e1 necesario solicitarla nuevamente por cada per\u00edodo anual agotado de acuerdo con el plazo establecido.<\/p>\n\n\t\t<\/div>\n\t<\/div>\n\t\n\t<div id=\"accordion-2836657093\" class=\"accordion-item\">\n\t\t<a id=\"accordion-2836657093-label\" class=\"accordion-title plain\" href=\"#accordion-item-colectivo-destinatario\" aria-expanded=\"false\" aria-controls=\"accordion-2836657093-content\" >\n\t\t\t<button class=\"toggle\" aria-label=\"Toggle\"><i class=\"icon-angle-down\"><\/i><\/button>\n\t\t\t<span>Colectivo destinatario<\/span>\n\t\t<\/a>\n\t\t<div id=\"accordion-2836657093-content\" class=\"accordion-inner\" aria-labelledby=\"accordion-2836657093-label\" >\n\t\t\t\n\n<p>Los beneficiarios ser\u00e1n aquellos colegiados y colegiadas del Colegio Oficial de M\u00e9dicos de Tarragona.<\/p>\n<p>Es condici\u00f3n indispensable que el colegiado o colegiada se encuentre al corriente de pago de las cuotas colegiales y lleve m\u00e1s de tres a\u00f1os de colegiaci\u00f3n en situaci\u00f3n de ejercicio.<\/p>\n\n\t\t<\/div>\n\t<\/div>\n\t\n\t<div id=\"accordion-138652885\" class=\"accordion-item\">\n\t\t<a id=\"accordion-138652885-label\" class=\"accordion-title plain\" href=\"#accordion-item-m\u00e1s-informaci\u00f3n\" aria-expanded=\"false\" aria-controls=\"accordion-138652885-content\" >\n\t\t\t<button class=\"toggle\" aria-label=\"Toggle\"><i class=\"icon-angle-down\"><\/i><\/button>\n\t\t\t<span>M\u00e1s informaci\u00f3n<\/span>\n\t\t<\/a>\n\t\t<div id=\"accordion-138652885-content\" class=\"accordion-inner\" aria-labelledby=\"accordion-138652885-label\" >\n\t\t\t\n\n<h3><strong>Forma de pago de la ayuda<\/strong><\/h3>\n<p>La presente ayuda se abonar\u00e1 una vez resuelta favorablemente la solicitud presentada.<\/p>\n<p>Se proceder\u00e1 al abono de forma mensual, mediante pago al m\u00e9dico beneficiario por el concepto de la cuota, de acuerdo con los importes aprobados, y con car\u00e1cter retroactivo desde la fecha en que se produjera la situaci\u00f3n personal, familiar o m\u00e9dica, que causas la reducci\u00f3n en sus ingresos.<\/p>\n<p>En el supuesto de que los certificados del Centro de Trabajo acreditativos de las circunstancias determinantes de la ayuda sean anuales, el reembolso\/abono se aplicar\u00e1 retroactivamente.<\/p>\n<p>El pago efectivo se producir\u00e1 a partir del mes de enero de la siguiente anualidad a la solicitud.<\/p>\n<p>Con car\u00e1cter extraordinario, y debidamente razonado por circunstancias especiales, los patronos podr\u00e1n acordar otorgar alguna ayuda atendiendo a la urgencia y necesidades de los beneficiarios. <\/p>\n<h3>Documentaci\u00f3n requerida<\/h3>\n<p>&#8211; Impreso de solicitud debidamente cumplimentado y firmado.<\/p>\n<p>&#8211; Vida Laboral.<\/p>\n<p>&#8211; Certificado de no inclusi\u00f3n en el MEL (M\u00e9dico sin Ejercicio).<\/p>\n<p>&#8211; Justificante\/certificado del Centro de Trabajo donde se especifique la cantidad de reducci\u00f3n de jornada laboral reconocida y la duraci\u00f3n de esta reducci\u00f3n.<\/p>\n<p>&#8211; Documento que acredite la situaci\u00f3n de enfermedad grave &#8211; informe M\u00e9dico.<\/p>\n<p>&#8211; Documento que acredite el cese de la actividad profesional \u2013 m\u00e9dicos en paro.<\/p>\n<p>Otra documentaci\u00f3n seg\u00fan tipolog\u00eda de ayuda:<\/p>\n<p> &#8211; Declaraci\u00f3n de renta de la Unidad Familiar.<\/p>\n<p> &#8211; Otra documentaci\u00f3n que se considere necesaria, que se crea conveniente por parte de los Patronos. <\/p>\n<h3>Solicitud<\/h3>\n<p>La solicitud se presentar\u00e1 mediante los canales telem\u00e1ticos establecidos o presencialmente en la sede del COMT en:<\/p>\n<ul>\n<li>Tarragona: Via de l&#8217;Imperi Rom\u00e0 11 bis, 43003.<\/li>\n<li>Reus: Calle de Antoni de Bofarull, 8, 43202.<\/li>\n<li>Tortosa: Paseo del Ebro, 24, 43500.<\/li>\n<\/ul>\n<h3><strong>Consignaci\u00f3n presupuestaria<\/strong><\/h3>\n<p>La dotaci\u00f3n de esta ayuda est\u00e1 sujeta a la existencia de la oportuna consignaci\u00f3n presupuestaria que se determine por los patronos de la Fundaci\u00f3n, y respecto de la que se distribuir\u00e1n los importes a sus beneficiarios en funci\u00f3n de las presentes bases y con las limitaciones que permita el total consignado.<\/p>\n<p>De forma extraordinaria, y en el supuesto de que el presupuesto destinado a esta ayuda no se hubiera agotado, o por cualquier otra circunstancia que por parte del Patronato de la Fundaci\u00f3n se considere justificado, este podr\u00e1 establecer un nuevo per\u00edodo de presentaci\u00f3n de solicitudes hasta agotar el importe previsto presupuestariamente.<\/p>\n<h3>R\u00e9gimen de control y justificaci\u00f3n<\/h3>\n<p>La Fundaci\u00f3n se reserva el derecho de solicitar, complementariamente a la documentaci\u00f3n aportada con la solicitud, toda aquella documentaci\u00f3n e informaci\u00f3n que pueda justificar el correcto destino y uso de la ayuda solicitada, de conformidad con el objeto de la misma.<\/p>\n<p>Es obligaci\u00f3n del solicitante de la ayuda conservar cualquier documento o informe que acredite este correcto uso (facturas, registros de transferencias, justificantes de pagos, etc.).<\/p>\n<p>En caso de demostrarse un uso de la ayuda otorgada diferente al del objeto de la misma (uso incorrecto de la ayuda), el solicitante tendr\u00e1 la obligaci\u00f3n de devolver el importe \u00edntegro que hubiera estado percibiendo desde el momento de la solicitud o de la \u00faltima renovaci\u00f3n.<\/p>\n<p>Cualquier solicitante que hubiera sido sancionado por el motivo mencionado no podr\u00e1 volver a solicitar ninguna ayuda de la Fundaci\u00f3n en un plazo de tres a\u00f1os a partir del siguiente per\u00edodo de presentaci\u00f3n de solicitudes.<\/p>\n<p>Ante el requerimiento de la Fundaci\u00f3n de presentar esta documentaci\u00f3n acreditativa complementaria, si el solicitante de la ayuda no respondiera en el plazo prudencial de 10 d\u00edas h\u00e1biles, se considerar\u00e1 a los mismos efectos que si se hubiera demostrado el uso incorrecto de la ayuda, aplic\u00e1ndose las mismas sanciones mencionadas en este apartado.<\/p>\n<p>Los canales utilizados por cualquier requerimiento por parte de la Fundaci\u00f3n al solicitante ser\u00e1n los establecidos en la solicitud presentada por el mismo (direcci\u00f3n postal, n\u00famero de tel\u00e9fono y e-mail). En caso de que una o todas estas v\u00edas de comunicaci\u00f3n cambien o dejen de ser operativas, es obligaci\u00f3n del solicitante comunicar a la Fundaci\u00f3n este cambio.<\/p>\n<h3>Tratamiento de datos de car\u00e1cter personal<\/h3>\n<p>El responsable del tratamiento es la Fundaci\u00f3n de Protecci\u00f3n Social Antonius Musa, con CIF A58489758 y domicilio en la Via de l&#8217;Imperi Rom\u00e0, 11 bis de 43003 Tarragona. Los datos personales facilitados por los usuarios son los suyos propios o de terceros, que deber\u00e1n haber sido informados previamente de su comunicaci\u00f3n, y son siempre tratados leg\u00edtimamente por el Responsable del Tratamiento, siendo el consentimiento su base legal aplicable, que se acredita mediante su aceptaci\u00f3n expresa. Este consentimiento podr\u00e1 ser revocado en cualquier momento. Los datos personales podr\u00e1n ser comunicados a los proveedores de servicios con los que nuestra entidad colabore y que sea necesaria su comunicaci\u00f3n para poder atender su solicitud o prestarle los servicios contratados en cada momento. Los datos personales se conservar\u00e1n durante el plazo que sea necesario para dar cumplimiento a la solicitud formulada o, en su caso, al servicio contratado y, en todo caso, durante el plazo que la legislaci\u00f3n vigente establezca en cada momento desde su finalizaci\u00f3n. Los usuarios pueden ejercer los derechos de acceso, rectificaci\u00f3n, supresi\u00f3n, limitaci\u00f3n y oposici\u00f3n al tratamiento de los datos ante el Responsable del tratamiento: Fundaci\u00f3n de Protecci\u00f3n Social Antonius Musa, con domicilio en la Via de l&#8217;Imperi Rom\u00e0, 11 bis de 43003 Tarragona, por correo postal, email: fundacio@comt.cat. Los usuarios pueden, tambi\u00e9n, presentar reclamaci\u00f3n ante la Agencia Espa\u00f1ola de Protecci\u00f3n de Datos. La informaci\u00f3n personal recabada de los usuarios es tratada por el Responsable del Tratamiento asumiendo las medidas de \u00edndole t\u00e9cnica, organizativa y de seguridad necesarias que garanticen la confidencialidad e integridad de la informaci\u00f3n y la protecci\u00f3n de los derechos y libertades de las personas f\u00edsicas de acuerdo con el Reglamento (UE) 2016\/679 del Parlamento y del Consejo, de 27 de abril de 2016, relativo a la protecci\u00f3n de las personas f\u00edsicas en lo que respecta al tratamiento de datos personales y a la libre circulaci\u00f3n de estos datos y la Ley Org\u00e1nica 3\/2018, de 5 de diciembre, de Protecci\u00f3n de Datos Personales y garant\u00eda de los derechos digitales as\u00ed como el resto de normativa aplicable en materia de tratamiento de datos personales.<\/p>\n\n\t\t<\/div>\n\t<\/div>\n\t\n\t<div id=\"accordion-3298420900\" class=\"accordion-item\">\n\t\t<a id=\"accordion-3298420900-label\" class=\"accordion-title plain\" href=\"#accordion-item-bases-jur\u00eddicas\" aria-expanded=\"false\" aria-controls=\"accordion-3298420900-content\" >\n\t\t\t<button class=\"toggle\" aria-label=\"Toggle\"><i class=\"icon-angle-down\"><\/i><\/button>\n\t\t\t<span>Bases jur\u00eddicas<\/span>\n\t\t<\/a>\n\t\t<div id=\"accordion-3298420900-content\" class=\"accordion-inner\" aria-labelledby=\"accordion-3298420900-label\" >\n\t\t\t\n\n<a href=\"https:\/\/fundacioantoniusmusa.com\/es\/transparencia\/\" target=\"_blank\" class=\"button success is-underline lowercase\" rel=\"noopener\"  >\n\t<i class=\"icon-star\" aria-hidden=\"true\" ><\/i>\t<span>Consulte las bases jur\u00eddicas haciendo clic aqu\u00ed<\/span>\n\t<\/a>\n\n\n\n\t\t<\/div>\n\t<\/div>\n\t\n\n<\/div>\n\n\t\t<\/div>\n\t\t\t\t\t<\/div>\n\n\t\n\n<\/div>\n\n\t\t<\/div>\n\t\t\t\t\t<\/div>\n\n\t\n\n\n<style>\n#row-1776300843 > .col > .col-inner {\n  padding: 40px 40px 40px 40px;\n  background-color: rgb(247, 247, 247);\n}\n<\/style>\n<\/div>\n\n\t\t<\/div>\n\t\t\t\t\n<style>\n#col-2049378587 > .col-inner {\n  margin: -140px 0px 0px 0px;\n}\n<\/style>\n\t<\/div>\n\n\t\n\n<\/div>\n\n\t\t<\/div>\n\n\t\t\n<style>\n#section_1415728575 {\n  padding-top: 30px;\n  padding-bottom: 30px;\n}\n<\/style>\n\t<\/section>\n\t\n\n","protected":false},"excerpt":{"rendered":"","protected":false},"author":1,"featured_media":0,"parent":3445,"menu_order":23,"comment_status":"closed","ping_status":"closed","template":"page-blank.php","meta":{"footnotes":""},"class_list":["post-3585","page","type-page","status-publish","hentry"],"yoast_head":"<!-- This site is optimized with the Yoast SEO plugin v26.3 - https:\/\/yoast.com\/wordpress\/plugins\/seo\/ -->\n<title>Ayuda para situaciones de dependencia - Fundaci\u00f3 Antonius Musa<\/title>\n<meta name=\"robots\" content=\"index, follow, max-snippet:-1, max-image-preview:large, max-video-preview:-1\" \/>\n<link rel=\"canonical\" href=\"https:\/\/fundacioantoniusmusa.com\/es\/otras-ayudas\/ajut-per-situacions-de-dependencia\/\" \/>\n<meta property=\"og:locale\" content=\"es_ES\" \/>\n<meta property=\"og:type\" content=\"article\" \/>\n<meta property=\"og:title\" content=\"Ayuda para situaciones de dependencia - Fundaci\u00f3 Antonius Musa\" \/>\n<meta property=\"og:url\" content=\"https:\/\/fundacioantoniusmusa.com\/es\/otras-ayudas\/ajut-per-situacions-de-dependencia\/\" \/>\n<meta property=\"og:site_name\" content=\"Fundaci\u00f3 Antonius Musa\" \/>\n<meta property=\"article:modified_time\" content=\"2025-11-15T14:57:09+00:00\" \/>\n<meta name=\"twitter:card\" content=\"summary_large_image\" \/>\n<meta name=\"twitter:label1\" content=\"Tiempo de lectura\" \/>\n\t<meta name=\"twitter:data1\" content=\"38 minutos\" \/>\n<script type=\"application\/ld+json\" class=\"yoast-schema-graph\">{\"@context\":\"https:\/\/schema.org\",\"@graph\":[{\"@type\":\"WebPage\",\"@id\":\"https:\/\/fundacioantoniusmusa.com\/es\/otras-ayudas\/ajut-per-situacions-de-dependencia\/\",\"url\":\"https:\/\/fundacioantoniusmusa.com\/es\/otras-ayudas\/ajut-per-situacions-de-dependencia\/\",\"name\":\"Ayuda para situaciones de dependencia - Fundaci\u00f3 Antonius Musa\",\"isPartOf\":{\"@id\":\"https:\/\/fundacioantoniusmusa.com\/es\/#website\"},\"datePublished\":\"2025-06-06T12:23:43+00:00\",\"dateModified\":\"2025-11-15T14:57:09+00:00\",\"breadcrumb\":{\"@id\":\"https:\/\/fundacioantoniusmusa.com\/es\/otras-ayudas\/ajut-per-situacions-de-dependencia\/#breadcrumb\"},\"inLanguage\":\"es\",\"potentialAction\":[{\"@type\":\"ReadAction\",\"target\":[\"https:\/\/fundacioantoniusmusa.com\/es\/otras-ayudas\/ajut-per-situacions-de-dependencia\/\"]}]},{\"@type\":\"BreadcrumbList\",\"@id\":\"https:\/\/fundacioantoniusmusa.com\/es\/otras-ayudas\/ajut-per-situacions-de-dependencia\/#breadcrumb\",\"itemListElement\":[{\"@type\":\"ListItem\",\"position\":1,\"name\":\"Inici\",\"item\":\"https:\/\/fundacioantoniusmusa.com\/es\/\"},{\"@type\":\"ListItem\",\"position\":2,\"name\":\"Otras ayudas\",\"item\":\"https:\/\/fundacioantoniusmusa.com\/es\/otras-ayudas\/\"},{\"@type\":\"ListItem\",\"position\":3,\"name\":\"Ayuda para situaciones de dependencia\"}]},{\"@type\":\"WebSite\",\"@id\":\"https:\/\/fundacioantoniusmusa.com\/es\/#website\",\"url\":\"https:\/\/fundacioantoniusmusa.com\/es\/\",\"name\":\"Fundaci\u00f3 Antonius Musa\",\"description\":\"\",\"potentialAction\":[{\"@type\":\"SearchAction\",\"target\":{\"@type\":\"EntryPoint\",\"urlTemplate\":\"https:\/\/fundacioantoniusmusa.com\/es\/?s={search_term_string}\"},\"query-input\":{\"@type\":\"PropertyValueSpecification\",\"valueRequired\":true,\"valueName\":\"search_term_string\"}}],\"inLanguage\":\"es\"}]}<\/script>\n<!-- \/ Yoast SEO plugin. -->","yoast_head_json":{"title":"Ayuda para situaciones de dependencia - Fundaci\u00f3 Antonius Musa","robots":{"index":"index","follow":"follow","max-snippet":"max-snippet:-1","max-image-preview":"max-image-preview:large","max-video-preview":"max-video-preview:-1"},"canonical":"https:\/\/fundacioantoniusmusa.com\/es\/otras-ayudas\/ajut-per-situacions-de-dependencia\/","og_locale":"es_ES","og_type":"article","og_title":"Ayuda para situaciones de dependencia - Fundaci\u00f3 Antonius Musa","og_url":"https:\/\/fundacioantoniusmusa.com\/es\/otras-ayudas\/ajut-per-situacions-de-dependencia\/","og_site_name":"Fundaci\u00f3 Antonius Musa","article_modified_time":"2025-11-15T14:57:09+00:00","twitter_card":"summary_large_image","twitter_misc":{"Tiempo de lectura":"38 minutos"},"schema":{"@context":"https:\/\/schema.org","@graph":[{"@type":"WebPage","@id":"https:\/\/fundacioantoniusmusa.com\/es\/otras-ayudas\/ajut-per-situacions-de-dependencia\/","url":"https:\/\/fundacioantoniusmusa.com\/es\/otras-ayudas\/ajut-per-situacions-de-dependencia\/","name":"Ayuda para situaciones de dependencia - Fundaci\u00f3 Antonius Musa","isPartOf":{"@id":"https:\/\/fundacioantoniusmusa.com\/es\/#website"},"datePublished":"2025-06-06T12:23:43+00:00","dateModified":"2025-11-15T14:57:09+00:00","breadcrumb":{"@id":"https:\/\/fundacioantoniusmusa.com\/es\/otras-ayudas\/ajut-per-situacions-de-dependencia\/#breadcrumb"},"inLanguage":"es","potentialAction":[{"@type":"ReadAction","target":["https:\/\/fundacioantoniusmusa.com\/es\/otras-ayudas\/ajut-per-situacions-de-dependencia\/"]}]},{"@type":"BreadcrumbList","@id":"https:\/\/fundacioantoniusmusa.com\/es\/otras-ayudas\/ajut-per-situacions-de-dependencia\/#breadcrumb","itemListElement":[{"@type":"ListItem","position":1,"name":"Inici","item":"https:\/\/fundacioantoniusmusa.com\/es\/"},{"@type":"ListItem","position":2,"name":"Otras ayudas","item":"https:\/\/fundacioantoniusmusa.com\/es\/otras-ayudas\/"},{"@type":"ListItem","position":3,"name":"Ayuda para situaciones de dependencia"}]},{"@type":"WebSite","@id":"https:\/\/fundacioantoniusmusa.com\/es\/#website","url":"https:\/\/fundacioantoniusmusa.com\/es\/","name":"Fundaci\u00f3 Antonius Musa","description":"","potentialAction":[{"@type":"SearchAction","target":{"@type":"EntryPoint","urlTemplate":"https:\/\/fundacioantoniusmusa.com\/es\/?s={search_term_string}"},"query-input":{"@type":"PropertyValueSpecification","valueRequired":true,"valueName":"search_term_string"}}],"inLanguage":"es"}]}},"_links":{"self":[{"href":"https:\/\/fundacioantoniusmusa.com\/es\/wp-json\/wp\/v2\/pages\/3585","targetHints":{"allow":["GET"]}}],"collection":[{"href":"https:\/\/fundacioantoniusmusa.com\/es\/wp-json\/wp\/v2\/pages"}],"about":[{"href":"https:\/\/fundacioantoniusmusa.com\/es\/wp-json\/wp\/v2\/types\/page"}],"author":[{"embeddable":true,"href":"https:\/\/fundacioantoniusmusa.com\/es\/wp-json\/wp\/v2\/users\/1"}],"replies":[{"embeddable":true,"href":"https:\/\/fundacioantoniusmusa.com\/es\/wp-json\/wp\/v2\/comments?post=3585"}],"version-history":[{"count":5,"href":"https:\/\/fundacioantoniusmusa.com\/es\/wp-json\/wp\/v2\/pages\/3585\/revisions"}],"predecessor-version":[{"id":3590,"href":"https:\/\/fundacioantoniusmusa.com\/es\/wp-json\/wp\/v2\/pages\/3585\/revisions\/3590"}],"up":[{"embeddable":true,"href":"https:\/\/fundacioantoniusmusa.com\/es\/wp-json\/wp\/v2\/pages\/3445"}],"wp:attachment":[{"href":"https:\/\/fundacioantoniusmusa.com\/es\/wp-json\/wp\/v2\/media?parent=3585"}],"curies":[{"name":"wp","href":"https:\/\/api.w.org\/{rel}","templated":true}]}}