{"id":3603,"date":"2025-06-06T14:17:47","date_gmt":"2025-06-06T12:17:47","guid":{"rendered":"https:\/\/fundacioantoniusmusa.com\/otras-ayudas\/ajut-per-placa-a-residencia-de-gent-gran-per-collegiats\/"},"modified":"2025-11-15T16:32:30","modified_gmt":"2025-11-15T15:32:30","slug":"ajut-per-placa-a-residencia-de-gent-gran-per-collegiats","status":"publish","type":"page","link":"https:\/\/fundacioantoniusmusa.com\/es\/otras-ayudas\/ajut-per-placa-a-residencia-de-gent-gran-per-collegiats\/","title":{"rendered":"Ayuda para plaza en residencia de personas mayores para colegiados"},"content":{"rendered":"\n\n\t<section class=\"section dark\" id=\"section_170570686\">\n\t\t<div class=\"section-bg fill\" >\n\t\t\t<img loading=\"lazy\" decoding=\"async\" width=\"900\" height=\"600\" src=\"https:\/\/fundacioantoniusmusa.com\/wp-content\/uploads\/2021\/05\/closeup-of-support-hands-min-1.jpg\" class=\"bg attachment- size-\" alt=\"\" \/>\t\t\t\t\t\t<div class=\"section-bg-overlay absolute fill\"><\/div>\n\t\t\t\n\n\t\t<\/div>\n\n\t\t\n\n\t\t<div class=\"section-content relative\">\n\t\t\t\n\n<div class=\"row\"  id=\"row-2101229496\">\n\n\n\t<div id=\"col-1880561938\" class=\"col medium-6 small-12 large-6\"  >\n\t\t\t\t<div class=\"col-inner text-shadow-2\"  >\n\t\t\t\n\t\t\t\n\n<h1><span style=\"font-size: 180%;\">Ayudas de dependencia<\/span><\/h1>\n\n\t\t<\/div>\n\t\t\t\t\t<\/div>\n\n\t\n\n\t<div id=\"col-1779848247\" class=\"col medium-6 small-12 large-6\"  >\n\t\t\t\t<div class=\"col-inner\" style=\"background-color:rgb(255,255,255);\" >\n\t\t\t\n\t\t\t\n\n\t<div id=\"text-1741243055\" class=\"text\">\n\t\t\n\n<h2><span style=\"color: #\u00e7;\" data-line-height=\"xs\">Solicite su ayuda<\/span><\/h2>\n<p><span style=\"font-size: 110%; color: #333333;\" data-line-height=\"xs\"><strong>Para solicitarla, haga clic en el bot\u00f3n y rellene el formulario.<\/strong><\/span><\/p>\n\t\t\n<style>\n#text-1741243055 {\n  color: #5f7398;\n}\n#text-1741243055 > * {\n  color: #5f7398;\n}\n<\/style>\n\t<\/div>\n\t\n<a href=\"https:\/\/fundacioantoniusmusa.com\/es\/contacto\/\" class=\"button alert lowercase\"  style=\"border-radius:21px;\">\n\t\t<span>Solicitar<\/span>\n\t<i class=\"icon-angle-right\" aria-hidden=\"true\" ><\/i><\/a>\n\n\n\n\t\t<\/div>\n\t\t\t\t\n<style>\n#col-1779848247 > .col-inner {\n  padding: 22px 9px 3px 29px;\n  margin: 27px 0px -58px 0px;\n  border-radius: 22px;\n}\n@media (min-width:550px) {\n  #col-1779848247 > .col-inner {\n    padding: 36px 20px 20px 52px;\n    margin: 0px 0px -64px 0px;\n  }\n}\n<\/style>\n\t<\/div>\n\n\t\n\n<\/div>\n\n\t\t<\/div>\n\n\t\t\n<style>\n#section_170570686 {\n  padding-top: 100px;\n  padding-bottom: 100px;\n}\n#section_170570686 .section-bg-overlay {\n  background-color: rgba(105, 236, 214, 0.674);\n}\n@media (min-width:550px) {\n  #section_170570686 {\n    padding-top: 150px;\n    padding-bottom: 150px;\n  }\n}\n@media (min-width:850px) {\n  #section_170570686 {\n    padding-top: 180px;\n    padding-bottom: 180px;\n  }\n}\n<\/style>\n\t<\/section>\n\t\n\n\t<section class=\"section\" id=\"section_66034595\">\n\t\t<div class=\"section-bg fill\" >\n\t\t\t\t\t\t\t\t\t\n\t\t\t\n\n\t\t<\/div>\n\n\t\t\n\n\t\t<div class=\"section-content relative\">\n\t\t\t\n\n<div class=\"row\"  id=\"row-1435644642\">\n\n\n\t<div id=\"col-316817308\" class=\"col small-12 large-12\"  >\n\t\t\t\t<div class=\"col-inner\"  >\n\t\t\t\n\t<div class=\"is-border\"\n\t\tstyle=\"border-width:0 0px 0px 0px;\">\n\t<\/div>\n\t\t\t\n\n<div class=\"row row-small\"  id=\"row-1831620188\">\n\n\n\t<div id=\"col-541305280\" class=\"col small-12 large-12\"  >\n\t\t\t\t<div class=\"col-inner\"  >\n\t\t\t\n\t\t\t\n\n<div class=\"row\"  id=\"row-1725409878\">\n\n\n\t<div id=\"col-7346618\" class=\"col small-12 large-12\"  >\n\t\t\t\t<div class=\"col-inner\"  >\n\t\t\t\n\t\t\t\n\n<h4><span style=\"font-size: 75%; background-color: #f99b1c; color: #ffffff;\"> Ayuda Periodica <\/span><\/h4>\n<h3><span style=\"font-size: 160%;\" data-line-height=\"xs\">Ayuda por plaza a residencia de personas mayores para colegiados<br><\/span><\/h3>\n<div class=\"is-divider divider clearfix\" style=\"margin-top:0.4em;margin-bottom:0.4em;\"><\/div>\n\n<p>Desde la Fundaci\u00f3n Antonius Musa ofrecemos un conjunto de ayudas destinadas a dar una respuesta concreta a diferentes situaciones de necesidad a las que un\/a m\u00e9dico\/a tenga que hacer frente poniendo en riesgo su bienestar y calidad de vida y\/o de su entorno familiar.<\/p>\n<p>Los Centros Residenciales son servicios dirigidos a personas mayores de 65 a\u00f1os, con car\u00e1cter permanente o temporal, y de asistencia integral, dirigidos a personas mayores que carecen de un grado de autonom\u00eda suficiente para llevar a cabo las actividades de la vida diaria, que necesitan supervisi\u00f3n constante y que tienen una situaci\u00f3n sociofamiliar que requiere la sustituci\u00f3n del hogar. El servicio se adapta al grado de dependencia de los usuarios.<\/p>\n<div class=\"accordion\">\n\n\t<div id=\"accordion-4251284561\" class=\"accordion-item\">\n\t\t<a id=\"accordion-4251284561-label\" class=\"accordion-title plain\" href=\"#accordion-item-objeto\" aria-expanded=\"false\" aria-controls=\"accordion-4251284561-content\" >\n\t\t\t<button class=\"toggle\" aria-label=\"Toggle\"><i class=\"icon-angle-down\"><\/i><\/button>\n\t\t\t<span>Objeto<\/span>\n\t\t<\/a>\n\t\t<div id=\"accordion-4251284561-content\" class=\"accordion-inner\" aria-labelledby=\"accordion-4251284561-label\" >\n\t\t\t\n\n<p>Ayuda econ\u00f3mica mensual, destinada a sufragar el coste de una plaza privada en una residencia de personas mayores, siempre y cuando no estuviera cubierta por otras ayudas ni por los ingresos del propio residente.<\/p>\n<p>Esta ayuda tiene como objetivo proporcionar atenci\u00f3n integral al centro de residencia.<\/p>\n\n\t\t<\/div>\n\t<\/div>\n\t\n\t<div id=\"accordion-2118043234\" class=\"accordion-item\">\n\t\t<a id=\"accordion-2118043234-label\" class=\"accordion-title plain\" href=\"#accordion-item-plazos-y-duraci\u00f3n-de-la-ayuda\" aria-expanded=\"false\" aria-controls=\"accordion-2118043234-content\" >\n\t\t\t<button class=\"toggle\" aria-label=\"Toggle\"><i class=\"icon-angle-down\"><\/i><\/button>\n\t\t\t<span>Plazos y duraci\u00f3n de la ayuda<\/span>\n\t\t<\/a>\n\t\t<div id=\"accordion-2118043234-content\" class=\"accordion-inner\" aria-labelledby=\"accordion-2118043234-label\" >\n\t\t\t\n\n<p>El plazo de presentaci\u00f3n de solicitudes en la presente ayuda ser\u00e1 el comprendido entre los d\u00edas 01 y el 30 de noviembre ambos incluidos.<\/p>\n<p>Esta ayuda tendr\u00e1 una duraci\u00f3n m\u00e1xima de 12 meses, comprendidos de enero a diciembre, de tal forma que ser\u00e1 necesario solicitarla nuevamente por cada per\u00edodo anual agotado de acuerdo con el plazo establecido.<\/p>\n\n\t\t<\/div>\n\t<\/div>\n\t\n\t<div id=\"accordion-2501485592\" class=\"accordion-item\">\n\t\t<a id=\"accordion-2501485592-label\" class=\"accordion-title plain\" href=\"#accordion-item-colectivo-destinatario\" aria-expanded=\"false\" aria-controls=\"accordion-2501485592-content\" >\n\t\t\t<button class=\"toggle\" aria-label=\"Toggle\"><i class=\"icon-angle-down\"><\/i><\/button>\n\t\t\t<span>Colectivo destinatario<\/span>\n\t\t<\/a>\n\t\t<div id=\"accordion-2501485592-content\" class=\"accordion-inner\" aria-labelledby=\"accordion-2501485592-label\" >\n\t\t\t\n\n<p>M\u00e9dicos\/as Colegiados\/as del Colegio de M\u00e9dicos de Tarragona, sus c\u00f3nyuges o parejas de hecho y viudos\/as del m\u00e9dico\/a colegiado\/a.<\/p>\n<p>Es condici\u00f3n indispensable que el colegiado o colegiada se encuentre al corriente de pago de las cuotas colegiales y lleve m\u00e1s de tres a\u00f1os de colegiaci\u00f3n en situaci\u00f3n de ejercicio.<\/p>\n\n\t\t<\/div>\n\t<\/div>\n\t\n\t<div id=\"accordion-2260980957\" class=\"accordion-item\">\n\t\t<a id=\"accordion-2260980957-label\" class=\"accordion-title plain\" href=\"#accordion-item-m\u00e1s-informaci\u00f3n\" aria-expanded=\"false\" aria-controls=\"accordion-2260980957-content\" >\n\t\t\t<button class=\"toggle\" aria-label=\"Toggle\"><i class=\"icon-angle-down\"><\/i><\/button>\n\t\t\t<span>M\u00e1s informaci\u00f3n<\/span>\n\t\t<\/a>\n\t\t<div id=\"accordion-2260980957-content\" class=\"accordion-inner\" aria-labelledby=\"accordion-2260980957-label\" >\n\t\t\t\n\n<h4><strong>Forma de pago de la ayuda<\/strong><\/h4>\n<p>La presente ayuda se abonar\u00e1 una vez resuelta favorablemente la solicitud presentada.<\/p>\n<p>Se proceder\u00e1 al pago de la ayuda de forma mensual, de acuerdo con los importes aprobados, y con car\u00e1cter retroactivo desde la fecha del ingreso en el centro de residencia, siempre que \u00e9sta se haya producido dentro del mismo a\u00f1o en el que se presenta la solicitud.<\/p>\n<p>El pago efectivo se producir\u00e1 a partir del mes de enero de la siguiente anualidad a la solicitud.<\/p>\n<p>Con car\u00e1cter extraordinario, y debidamente razonado por circunstancias especiales, los patronos podr\u00e1n acordar otorgar alguna ayuda atendiendo a la urgencia y necesidades de los beneficiarios.<\/p>\n<p> <\/p>\n<h4><strong> Documentaci\u00f3n requerida<\/strong><\/h4>\n<p>&#8211; Impreso de solicitud debidamente cumplimentado y firmado.<\/p>\n<p>&#8211; DNI del\/la metge\/-essa col\u00b7legiat\/-ada.<\/p>\n<p>&#8211; DNI de la persona resident.<\/p>\n<p>&#8211; Certificaci\u00f3 de vida, si la persona gran est\u00e0 pendent d&#8217;ingr\u00e9s en el centre residencial.<\/p>\n<p>&#8211; Llibre de fam\u00edlia o document administratiu que justifiqui la inscripci\u00f3 com a matrimoni o parella de fet en el seu cas, quan la persona resident \u00e9s c\u00f2njuge\/parella de fet del soci protector.<\/p>\n<p>&#8211; Certificat de defunci\u00f3 del\/ la metge\/-essa col\u00b7legiat\/-ada en cas de defunci\u00f3 d&#8217;aquest.<\/p>\n<p>&#8211; Document que justifiqui l&#8217;estat de vidu\u00eftat si es tracta de vidu\/a del metge\/-essa col\u00b7legiat\/-ada mort o, si escau, document administratiu que pugui justificar que haguessin estat parella de fet, i no trobar-se divorciats legalment ni extingit el vincle matrimonial o de parella de fet.<\/p>\n<p>&#8211; Reconeixement de la situaci\u00f3 de Depend\u00e8ncia i Programa Individual d\u2019Atenci\u00f3 (PIA). De no tindre la resoluci\u00f3, justificant d\u2019haver-la tramitat.<\/p>\n<p>Justificantes de ingresos de todos los miembros de la unidad familiar seg\u00fan el caso:<\/p>\n<ul>\n<li>Declaraci\u00f3n de renta del \u00faltimo ejercicio econ\u00f3mico de cada uno de los miembros de la unidad familiar obligados a declarar. En caso de no hacer la declaraci\u00f3n de la renta, presentar Certificado de imputaciones del IRPF de todos los miembros de la unidad familiar. <\/li>\n<li>Certificat actual de totes les pensions p\u00fabliques, les rebin o no, de tota la UF.<\/li>\n<\/ul>\n<p>&#8211; Certificat del centre residencial o contracte d&#8217;ingr\u00e9s, consignant el cost mensual de la pla\u00e7a i la data d&#8217;ingr\u00e9s.<\/p>\n<p>&#8211; \u00daltima factura abonada desglossada.<\/p>\n<p>&#8211; Comprovant bancari que justifiqui la titularitat del compte de la persona benefici\u00e0ria de la prestaci\u00f3.<\/p>\n<p>&#8211; Documento fiscal que se adjunta debidamente cumplimentado (Modelo 145).<\/p>\n<p>&#8211; Declaraci\u00f3n jurada de bienes debidamente cumplimentada y firmada.<\/p>\n<h4><strong> Solicitud<\/strong><\/h4>\n<p>La solicitud se presentar\u00e1 mediante los canales telem\u00e1ticos establecidos o presencialmente en la sede del COMT en:<\/p>\n<ul>\n<li>Tarragona: Via de l&#8217;Imperi Rom\u00e0 11 bis, 43003.<\/li>\n<li>Reus: Calle de Antoni de Bofarull, 8, 43202.<\/li>\n<li>Tortosa: Paseo del Ebro, 24, 43500.<\/li>\n<\/ul>\n<h4><strong>Consignaci\u00f3n presupuestaria<\/strong><\/h4>\n<p>La dotaci\u00f3n de esta ayuda est\u00e1 sujeta a la existencia de la oportuna consignaci\u00f3n presupuestaria que se determine por los patronos de la Fundaci\u00f3n, y respecto de la que se distribuir\u00e1n los importes a sus beneficiarios en funci\u00f3n de las presentes bases y con las limitaciones que permita el total consignado.<\/p>\n<p>De forma extraordinaria, y en el supuesto de que el presupuesto destinado a esta ayuda no se hubiera agotado, o por cualquier otra circunstancia que por parte del Patronato de la Fundaci\u00f3n se considere justificado, este podr\u00e1 establecer un nuevo per\u00edodo de presentaci\u00f3n de solicitudes hasta agotar el importe previsto presupuestariamente.<\/p>\n<h4><strong> R\u00e9gimen de control y justificaci\u00f3n<\/strong><\/h4>\n<p>La Fundaci\u00f3n se reserva el derecho de solicitar, complementariamente a la documentaci\u00f3n aportada con la solicitud, toda aquella documentaci\u00f3n e informaci\u00f3n que pueda justificar el correcto destino y uso de la ayuda solicitada, de conformidad con el objeto de la misma.<\/p>\n<p>Es obligaci\u00f3n del solicitante de la ayuda conservar cualquier documento o informe que acredite este correcto uso (facturas, registros de transferencias, justificantes de pagos, etc.).<\/p>\n<p>En caso de demostrarse un uso de la ayuda otorgada diferente al del objeto de la misma (uso incorrecto de la ayuda), el solicitante tendr\u00e1 la obligaci\u00f3n de devolver el importe \u00edntegro que hubiera estado percibiendo desde el momento de la solicitud o de la \u00faltima renovaci\u00f3n.<\/p>\n<p>Cualquier solicitante que hubiera sido sancionado por el motivo mencionado no podr\u00e1 volver a solicitar ninguna ayuda de la Fundaci\u00f3n en un plazo de tres a\u00f1os a partir del siguiente per\u00edodo de presentaci\u00f3n de solicitudes.<\/p>\n<p>Ante el requerimiento de la Fundaci\u00f3n de presentar esta documentaci\u00f3n acreditativa complementaria, si el solicitante de la ayuda no respondiera en el plazo prudencial de 10 d\u00edas h\u00e1biles, se considerar\u00e1 a los mismos efectos que si se hubiera demostrado el uso incorrecto de la ayuda, aplic\u00e1ndose las mismas sanciones mencionadas en este apartado.<\/p>\n<p>Los canales utilizados para cualquier requerimiento por parte de la Fundaci\u00f3n al solicitante ser\u00e1n los establecidos en la solicitud presentada por el mismo (direcci\u00f3n postal, n\u00famero de tel\u00e9fono y e-mail). En caso de que una o todas estas v\u00edas de comunicaci\u00f3n cambien o dejen de ser operativas, es obligaci\u00f3n del solicitante comunicar a la Fundaci\u00f3n este cambio. <\/p>\n<h4><strong> Tratamiento de datos de car\u00e1cter personal<\/strong><\/h4>\n<p>El responsable del tratamiento es la Fundaci\u00f3n de Protecci\u00f3n Social Antonius Musa, con CIF A58489758 y domicilio en la Via de l&#8217;Imperi Rom\u00e0, 11 bis de 43003 Tarragona. Los datos personales facilitados por los usuarios son los suyos propios o de terceros, que deber\u00e1n haber sido informados previamente de su comunicaci\u00f3n, y son siempre tratados leg\u00edtimamente por el Responsable del Tratamiento, siendo el consentimiento su base legal aplicable, que se acredita mediante su aceptaci\u00f3n expresa. Este consentimiento podr\u00e1 ser revocado en cualquier momento. Los datos personales podr\u00e1n ser comunicados a los proveedores de servicios con los que nuestra entidad colabore y que sea necesaria su comunicaci\u00f3n para poder atender su solicitud o prestarle los servicios contratados en cada momento. Los datos personales se conservar\u00e1n durante el plazo que sea necesario para dar cumplimiento a la solicitud formulada o, en su caso, al servicio contratado y, en todo caso, durante el plazo que la legislaci\u00f3n vigente establezca en cada momento desde su finalizaci\u00f3n. Los usuarios pueden ejercer los derechos de acceso, rectificaci\u00f3n, supresi\u00f3n, limitaci\u00f3n y oposici\u00f3n al tratamiento de los datos ante el Responsable del tratamiento: Fundaci\u00f3n de Protecci\u00f3n Social Antonius Musa, con domicilio en la Via de l&#8217;Imperi Rom\u00e0, 11 bis de 43003 Tarragona, por correo postal, email: fundacio@comt.cat. Los usuarios pueden, tambi\u00e9n, presentar reclamaci\u00f3n ante la Agencia Espa\u00f1ola de Protecci\u00f3n de Datos. La informaci\u00f3n personal recabada de los usuarios es tratada por el Responsable del Tratamiento asumiendo las medidas de \u00edndole t\u00e9cnica, organizativa y de seguridad necesarias que garanticen la confidencialidad e integridad de la informaci\u00f3n y la protecci\u00f3n de los derechos y libertades de las personas f\u00edsicas de acuerdo con el Reglamento (UE) 2016\/679 del Parlamento y del Consejo, de 27 de abril de 2016, relativo a la protecci\u00f3n de las personas f\u00edsicas en lo que respecta al tratamiento de datos personales y a la libre circulaci\u00f3n de estos datos y la Ley Org\u00e1nica 3\/2018, de 5 de diciembre, de Protecci\u00f3n de Datos Personales y garant\u00eda de los derechos digitales as\u00ed como el resto de normativa aplicable en materia de tratamiento de datos personales.<\/p>\n\n\t\t<\/div>\n\t<\/div>\n\t\n\t<div id=\"accordion-628372129\" class=\"accordion-item\">\n\t\t<a id=\"accordion-628372129-label\" class=\"accordion-title plain\" href=\"#accordion-item-bases-jur\u00eddicas\" aria-expanded=\"false\" aria-controls=\"accordion-628372129-content\" >\n\t\t\t<button class=\"toggle\" aria-label=\"Toggle\"><i class=\"icon-angle-down\"><\/i><\/button>\n\t\t\t<span>Bases jur\u00eddicas<\/span>\n\t\t<\/a>\n\t\t<div id=\"accordion-628372129-content\" class=\"accordion-inner\" aria-labelledby=\"accordion-628372129-label\" >\n\t\t\t\n\n<a href=\"https:\/\/fundacioantoniusmusa.com\/es\/transparencia\/\" target=\"_blank\" class=\"button success is-underline lowercase\" rel=\"noopener\"  >\n\t<i class=\"icon-star\" aria-hidden=\"true\" ><\/i>\t<span>Consulte las bases jur\u00eddicas haciendo clic aqu\u00ed<\/span>\n\t<\/a>\n\n\n\n\t\t<\/div>\n\t<\/div>\n\t\n\n<\/div>\n\n\t\t<\/div>\n\t\t\t\t\t<\/div>\n\n\t\n\n<\/div>\n\n\t\t<\/div>\n\t\t\t\t\t<\/div>\n\n\t\n\n\n<style>\n#row-1831620188 > .col > .col-inner {\n  padding: 40px 40px 40px 40px;\n  background-color: rgb(247, 247, 247);\n}\n<\/style>\n<\/div>\n\n\t\t<\/div>\n\t\t\t\t\n<style>\n#col-316817308 > .col-inner {\n  margin: -140px 0px 0px 0px;\n}\n<\/style>\n\t<\/div>\n\n\t\n\n<\/div>\n\n\t\t<\/div>\n\n\t\t\n<style>\n#section_66034595 {\n  padding-top: 30px;\n  padding-bottom: 30px;\n}\n<\/style>\n\t<\/section>\n\t\n\n","protected":false},"excerpt":{"rendered":"","protected":false},"author":1,"featured_media":0,"parent":3445,"menu_order":32,"comment_status":"closed","ping_status":"closed","template":"page-blank.php","meta":{"footnotes":""},"class_list":["post-3603","page","type-page","status-publish","hentry"],"yoast_head":"<!-- This site is optimized with the Yoast SEO plugin v26.3 - https:\/\/yoast.com\/wordpress\/plugins\/seo\/ -->\n<title>Ayuda para plaza en residencia de personas mayores para colegiados - Fundaci\u00f3 Antonius Musa<\/title>\n<meta name=\"robots\" content=\"index, follow, max-snippet:-1, max-image-preview:large, max-video-preview:-1\" \/>\n<link rel=\"canonical\" href=\"https:\/\/fundacioantoniusmusa.com\/es\/otras-ayudas\/ajut-per-placa-a-residencia-de-gent-gran-per-collegiats\/\" \/>\n<meta property=\"og:locale\" content=\"es_ES\" \/>\n<meta property=\"og:type\" content=\"article\" \/>\n<meta property=\"og:title\" content=\"Ayuda para plaza en residencia de personas mayores para colegiados - Fundaci\u00f3 Antonius Musa\" \/>\n<meta property=\"og:url\" content=\"https:\/\/fundacioantoniusmusa.com\/es\/otras-ayudas\/ajut-per-placa-a-residencia-de-gent-gran-per-collegiats\/\" \/>\n<meta property=\"og:site_name\" content=\"Fundaci\u00f3 Antonius Musa\" \/>\n<meta property=\"article:modified_time\" content=\"2025-11-15T15:32:30+00:00\" \/>\n<meta name=\"twitter:card\" content=\"summary_large_image\" \/>\n<meta name=\"twitter:label1\" content=\"Tiempo de lectura\" \/>\n\t<meta name=\"twitter:data1\" content=\"32 minutos\" \/>\n<script type=\"application\/ld+json\" class=\"yoast-schema-graph\">{\"@context\":\"https:\/\/schema.org\",\"@graph\":[{\"@type\":\"WebPage\",\"@id\":\"https:\/\/fundacioantoniusmusa.com\/es\/otras-ayudas\/ajut-per-placa-a-residencia-de-gent-gran-per-collegiats\/\",\"url\":\"https:\/\/fundacioantoniusmusa.com\/es\/otras-ayudas\/ajut-per-placa-a-residencia-de-gent-gran-per-collegiats\/\",\"name\":\"Ayuda para plaza en residencia de personas mayores para colegiados - Fundaci\u00f3 Antonius Musa\",\"isPartOf\":{\"@id\":\"https:\/\/fundacioantoniusmusa.com\/es\/#website\"},\"datePublished\":\"2025-06-06T12:17:47+00:00\",\"dateModified\":\"2025-11-15T15:32:30+00:00\",\"breadcrumb\":{\"@id\":\"https:\/\/fundacioantoniusmusa.com\/es\/otras-ayudas\/ajut-per-placa-a-residencia-de-gent-gran-per-collegiats\/#breadcrumb\"},\"inLanguage\":\"es\",\"potentialAction\":[{\"@type\":\"ReadAction\",\"target\":[\"https:\/\/fundacioantoniusmusa.com\/es\/otras-ayudas\/ajut-per-placa-a-residencia-de-gent-gran-per-collegiats\/\"]}]},{\"@type\":\"BreadcrumbList\",\"@id\":\"https:\/\/fundacioantoniusmusa.com\/es\/otras-ayudas\/ajut-per-placa-a-residencia-de-gent-gran-per-collegiats\/#breadcrumb\",\"itemListElement\":[{\"@type\":\"ListItem\",\"position\":1,\"name\":\"Inici\",\"item\":\"https:\/\/fundacioantoniusmusa.com\/es\/\"},{\"@type\":\"ListItem\",\"position\":2,\"name\":\"Otras ayudas\",\"item\":\"https:\/\/fundacioantoniusmusa.com\/es\/otras-ayudas\/\"},{\"@type\":\"ListItem\",\"position\":3,\"name\":\"Ayuda para plaza en residencia de personas mayores para colegiados\"}]},{\"@type\":\"WebSite\",\"@id\":\"https:\/\/fundacioantoniusmusa.com\/es\/#website\",\"url\":\"https:\/\/fundacioantoniusmusa.com\/es\/\",\"name\":\"Fundaci\u00f3 Antonius Musa\",\"description\":\"\",\"potentialAction\":[{\"@type\":\"SearchAction\",\"target\":{\"@type\":\"EntryPoint\",\"urlTemplate\":\"https:\/\/fundacioantoniusmusa.com\/es\/?s={search_term_string}\"},\"query-input\":{\"@type\":\"PropertyValueSpecification\",\"valueRequired\":true,\"valueName\":\"search_term_string\"}}],\"inLanguage\":\"es\"}]}<\/script>\n<!-- \/ Yoast SEO plugin. -->","yoast_head_json":{"title":"Ayuda para plaza en residencia de personas mayores para colegiados - Fundaci\u00f3 Antonius Musa","robots":{"index":"index","follow":"follow","max-snippet":"max-snippet:-1","max-image-preview":"max-image-preview:large","max-video-preview":"max-video-preview:-1"},"canonical":"https:\/\/fundacioantoniusmusa.com\/es\/otras-ayudas\/ajut-per-placa-a-residencia-de-gent-gran-per-collegiats\/","og_locale":"es_ES","og_type":"article","og_title":"Ayuda para plaza en residencia de personas mayores para colegiados - Fundaci\u00f3 Antonius Musa","og_url":"https:\/\/fundacioantoniusmusa.com\/es\/otras-ayudas\/ajut-per-placa-a-residencia-de-gent-gran-per-collegiats\/","og_site_name":"Fundaci\u00f3 Antonius Musa","article_modified_time":"2025-11-15T15:32:30+00:00","twitter_card":"summary_large_image","twitter_misc":{"Tiempo de lectura":"32 minutos"},"schema":{"@context":"https:\/\/schema.org","@graph":[{"@type":"WebPage","@id":"https:\/\/fundacioantoniusmusa.com\/es\/otras-ayudas\/ajut-per-placa-a-residencia-de-gent-gran-per-collegiats\/","url":"https:\/\/fundacioantoniusmusa.com\/es\/otras-ayudas\/ajut-per-placa-a-residencia-de-gent-gran-per-collegiats\/","name":"Ayuda para plaza en residencia de personas mayores para colegiados - Fundaci\u00f3 Antonius Musa","isPartOf":{"@id":"https:\/\/fundacioantoniusmusa.com\/es\/#website"},"datePublished":"2025-06-06T12:17:47+00:00","dateModified":"2025-11-15T15:32:30+00:00","breadcrumb":{"@id":"https:\/\/fundacioantoniusmusa.com\/es\/otras-ayudas\/ajut-per-placa-a-residencia-de-gent-gran-per-collegiats\/#breadcrumb"},"inLanguage":"es","potentialAction":[{"@type":"ReadAction","target":["https:\/\/fundacioantoniusmusa.com\/es\/otras-ayudas\/ajut-per-placa-a-residencia-de-gent-gran-per-collegiats\/"]}]},{"@type":"BreadcrumbList","@id":"https:\/\/fundacioantoniusmusa.com\/es\/otras-ayudas\/ajut-per-placa-a-residencia-de-gent-gran-per-collegiats\/#breadcrumb","itemListElement":[{"@type":"ListItem","position":1,"name":"Inici","item":"https:\/\/fundacioantoniusmusa.com\/es\/"},{"@type":"ListItem","position":2,"name":"Otras ayudas","item":"https:\/\/fundacioantoniusmusa.com\/es\/otras-ayudas\/"},{"@type":"ListItem","position":3,"name":"Ayuda para plaza en residencia de personas mayores para colegiados"}]},{"@type":"WebSite","@id":"https:\/\/fundacioantoniusmusa.com\/es\/#website","url":"https:\/\/fundacioantoniusmusa.com\/es\/","name":"Fundaci\u00f3 Antonius Musa","description":"","potentialAction":[{"@type":"SearchAction","target":{"@type":"EntryPoint","urlTemplate":"https:\/\/fundacioantoniusmusa.com\/es\/?s={search_term_string}"},"query-input":{"@type":"PropertyValueSpecification","valueRequired":true,"valueName":"search_term_string"}}],"inLanguage":"es"}]}},"_links":{"self":[{"href":"https:\/\/fundacioantoniusmusa.com\/es\/wp-json\/wp\/v2\/pages\/3603","targetHints":{"allow":["GET"]}}],"collection":[{"href":"https:\/\/fundacioantoniusmusa.com\/es\/wp-json\/wp\/v2\/pages"}],"about":[{"href":"https:\/\/fundacioantoniusmusa.com\/es\/wp-json\/wp\/v2\/types\/page"}],"author":[{"embeddable":true,"href":"https:\/\/fundacioantoniusmusa.com\/es\/wp-json\/wp\/v2\/users\/1"}],"replies":[{"embeddable":true,"href":"https:\/\/fundacioantoniusmusa.com\/es\/wp-json\/wp\/v2\/comments?post=3603"}],"version-history":[{"count":5,"href":"https:\/\/fundacioantoniusmusa.com\/es\/wp-json\/wp\/v2\/pages\/3603\/revisions"}],"predecessor-version":[{"id":3644,"href":"https:\/\/fundacioantoniusmusa.com\/es\/wp-json\/wp\/v2\/pages\/3603\/revisions\/3644"}],"up":[{"embeddable":true,"href":"https:\/\/fundacioantoniusmusa.com\/es\/wp-json\/wp\/v2\/pages\/3445"}],"wp:attachment":[{"href":"https:\/\/fundacioantoniusmusa.com\/es\/wp-json\/wp\/v2\/media?parent=3603"}],"curies":[{"name":"wp","href":"https:\/\/api.w.org\/{rel}","templated":true}]}}